{"id":934,"date":"2024-09-20T14:06:36","date_gmt":"2024-09-20T14:06:36","guid":{"rendered":"https:\/\/captainsbet.xyz\/entre-em-contato-conosco\/"},"modified":"2024-09-24T09:49:14","modified_gmt":"2024-09-24T09:49:14","slug":"entre-em-contato-conosco","status":"publish","type":"page","link":"https:\/\/captainsbet.xyz\/pt-br\/entre-em-contato-conosco\/","title":{"rendered":"Entre em contato conosco"},"content":{"rendered":"\n<p>Entre em contato conosco &#8211; Captainsbet<\/p>\n\n\n\n<p>Na <a href=\"https:\/\/captainsbet.xyz\/pt-br\/\">Captainsbet<\/a>, temos o compromisso de oferecer aos nossos usu\u00e1rios a melhor experi\u00eancia de apostas poss\u00edvel. Se voc\u00ea tiver uma pergunta, precisar de ajuda com a sua conta ou quiser saber mais sobre os nossos servi\u00e7os, a nossa simp\u00e1tica equipe de atendimento ao cliente est\u00e1 aqui para ajudar.<\/p>\n\n\n\n<p>Canais de suporte ao cliente<br>Oferecemos v\u00e1rias maneiras de entrar em contato conosco, para que voc\u00ea possa escolher a op\u00e7\u00e3o que melhor lhe convier:<\/p>\n\n\n\n<p>Bate-papo ao vivo: Para obter ajuda instant\u00e2nea, use nosso recurso de bate-papo ao vivo 24 horas por dia, 7 dias por semana no site.\nBasta clicar no \u00edcone de bate-papo na parte inferior da p\u00e1gina para entrar em contato com um representante do suporte ao cliente em tempo real. <\/p>\n\n\n\n<p>Suporte por e-mail: Para consultas mais detalhadas ou se voc\u00ea preferir o e-mail, entre em contato conosco pelo endere\u00e7o support@captainsbet.com.\nNosso objetivo \u00e9 responder a todos os e-mails dentro de 24 horas. <\/p>\n\n\n\n<p>Central de Ajuda e Perguntas Frequentes<br>Antes de entrar em contato, voc\u00ea tamb\u00e9m pode explorar nossa se\u00e7\u00e3o de Perguntas Frequentes para obter respostas a perguntas comuns sobre dep\u00f3sitos, saques, b\u00f4nus e muito mais.<\/p>\n\n\n\n<p>M\u00eddia social<br>Mantenha-se conectado conosco em nossos canais de m\u00eddia social para obter as \u00faltimas not\u00edcias, promo\u00e7\u00f5es e atualiza\u00e7\u00f5es.<\/p>\n\n\n\n<p>Estamos aqui para garantir que sua experi\u00eancia no Captainsbet seja tranquila e agrad\u00e1vel. Sinta-se \u00e0 vontade para entrar em contato conosco a qualquer momento!<\/p>\n","protected":false},"excerpt":{"rendered":"<p>Entre em contato conosco &#8211; Captainsbet Na Captainsbet, temos o compromisso de oferecer aos nossos usu\u00e1rios a melhor experi\u00eancia de apostas poss\u00edvel. Se voc\u00ea tiver uma pergunta, precisar de ajuda com a sua conta ou quiser saber mais sobre os nossos servi\u00e7os, a nossa simp\u00e1tica equipe de atendimento ao cliente est\u00e1 aqui para ajudar. Canais [&hellip;]<\/p>\n","protected":false},"author":1,"featured_media":0,"parent":0,"menu_order":0,"comment_status":"closed","ping_status":"closed","template":"","meta":{"footnotes":""},"class_list":["post-934","page","type-page","status-publish","hentry"],"acf":[],"yoast_head":"<!-- This site is optimized with the Yoast SEO plugin v22.9 - https:\/\/yoast.com\/wordpress\/plugins\/seo\/ -->\n<title>Entre em contato conosco - Suporte ao cliente CaptainsBet<\/title>\n<meta name=\"description\" content=\"Entre em contato com o suporte ao cliente CaptainsBet para obter assist\u00eancia. Entre em contato conosco por chat ao vivo, e-mail ou telefone. Estamos aqui 24 horas por dia, 7 dias por semana para ajudar com apostas, registro e problemas de conta.\" \/>\n<meta name=\"robots\" content=\"index, follow, max-snippet:-1, max-image-preview:large, max-video-preview:-1\" \/>\n<link rel=\"canonical\" href=\"https:\/\/captainsbet.xyz\/pt-br\/entre-em-contato-conosco\/\" \/>\n<meta property=\"og:locale\" content=\"pt_BR\" \/>\n<meta property=\"og:type\" content=\"article\" \/>\n<meta property=\"og:url\" content=\"https:\/\/captainsbet.xyz\/pt-br\/entre-em-contato-conosco\/\" \/>\n<meta property=\"og:site_name\" content=\"CaptainsBet\" \/>\n<meta property=\"article:modified_time\" content=\"2024-09-24T09:49:14+00:00\" \/>\n<meta name=\"twitter:label1\" content=\"Est. tempo de leitura\" \/>\n\t<meta name=\"twitter:data1\" content=\"2 minutos\" \/>\n<script type=\"application\/ld+json\" class=\"yoast-schema-graph\">{\"@context\":\"https:\/\/schema.org\",\"@graph\":[{\"@type\":\"WebPage\",\"@id\":\"https:\/\/captainsbet.xyz\/pt-br\/entre-em-contato-conosco\/\",\"url\":\"https:\/\/captainsbet.xyz\/pt-br\/entre-em-contato-conosco\/\",\"name\":\"Entre em contato conosco - Suporte ao cliente CaptainsBet\",\"isPartOf\":{\"@id\":\"https:\/\/captainsbet.xyz\/#website\"},\"datePublished\":\"2024-09-20T14:06:36+00:00\",\"dateModified\":\"2024-09-24T09:49:14+00:00\",\"description\":\"Entre em contato com o suporte ao cliente CaptainsBet para obter assist\u00eancia. Entre em contato conosco por chat ao vivo, e-mail ou telefone. Estamos aqui 24 horas por dia, 7 dias por semana para ajudar com apostas, registro e problemas de conta.\",\"breadcrumb\":{\"@id\":\"https:\/\/captainsbet.xyz\/pt-br\/entre-em-contato-conosco\/#breadcrumb\"},\"inLanguage\":\"pt-BR\",\"potentialAction\":[{\"@type\":\"ReadAction\",\"target\":[\"https:\/\/captainsbet.xyz\/pt-br\/entre-em-contato-conosco\/\"]}]},{\"@type\":\"BreadcrumbList\",\"@id\":\"https:\/\/captainsbet.xyz\/pt-br\/entre-em-contato-conosco\/#breadcrumb\",\"itemListElement\":[{\"@type\":\"ListItem\",\"position\":1,\"name\":\"Home\",\"item\":\"https:\/\/captainsbet.xyz\/pt-br\/\"},{\"@type\":\"ListItem\",\"position\":2,\"name\":\"Entre em contato conosco\"}]},{\"@type\":\"WebSite\",\"@id\":\"https:\/\/captainsbet.xyz\/#website\",\"url\":\"https:\/\/captainsbet.xyz\/\",\"name\":\"CaptainsBet\",\"description\":\"\",\"potentialAction\":[{\"@type\":\"SearchAction\",\"target\":{\"@type\":\"EntryPoint\",\"urlTemplate\":\"https:\/\/captainsbet.xyz\/?s={search_term_string}\"},\"query-input\":\"required name=search_term_string\"}],\"inLanguage\":\"pt-BR\"}]}<\/script>\n<!-- \/ Yoast SEO plugin. -->","yoast_head_json":{"title":"Entre em contato conosco - Suporte ao cliente CaptainsBet","description":"Entre em contato com o suporte ao cliente CaptainsBet para obter assist\u00eancia. Entre em contato conosco por chat ao vivo, e-mail ou telefone. Estamos aqui 24 horas por dia, 7 dias por semana para ajudar com apostas, registro e problemas de conta.","robots":{"index":"index","follow":"follow","max-snippet":"max-snippet:-1","max-image-preview":"max-image-preview:large","max-video-preview":"max-video-preview:-1"},"canonical":"https:\/\/captainsbet.xyz\/pt-br\/entre-em-contato-conosco\/","og_locale":"pt_BR","og_type":"article","og_url":"https:\/\/captainsbet.xyz\/pt-br\/entre-em-contato-conosco\/","og_site_name":"CaptainsBet","article_modified_time":"2024-09-24T09:49:14+00:00","twitter_misc":{"Est. tempo de leitura":"2 minutos"},"schema":{"@context":"https:\/\/schema.org","@graph":[{"@type":"WebPage","@id":"https:\/\/captainsbet.xyz\/pt-br\/entre-em-contato-conosco\/","url":"https:\/\/captainsbet.xyz\/pt-br\/entre-em-contato-conosco\/","name":"Entre em contato conosco - Suporte ao cliente CaptainsBet","isPartOf":{"@id":"https:\/\/captainsbet.xyz\/#website"},"datePublished":"2024-09-20T14:06:36+00:00","dateModified":"2024-09-24T09:49:14+00:00","description":"Entre em contato com o suporte ao cliente CaptainsBet para obter assist\u00eancia. Entre em contato conosco por chat ao vivo, e-mail ou telefone. Estamos aqui 24 horas por dia, 7 dias por semana para ajudar com apostas, registro e problemas de conta.","breadcrumb":{"@id":"https:\/\/captainsbet.xyz\/pt-br\/entre-em-contato-conosco\/#breadcrumb"},"inLanguage":"pt-BR","potentialAction":[{"@type":"ReadAction","target":["https:\/\/captainsbet.xyz\/pt-br\/entre-em-contato-conosco\/"]}]},{"@type":"BreadcrumbList","@id":"https:\/\/captainsbet.xyz\/pt-br\/entre-em-contato-conosco\/#breadcrumb","itemListElement":[{"@type":"ListItem","position":1,"name":"Home","item":"https:\/\/captainsbet.xyz\/pt-br\/"},{"@type":"ListItem","position":2,"name":"Entre em contato conosco"}]},{"@type":"WebSite","@id":"https:\/\/captainsbet.xyz\/#website","url":"https:\/\/captainsbet.xyz\/","name":"CaptainsBet","description":"","potentialAction":[{"@type":"SearchAction","target":{"@type":"EntryPoint","urlTemplate":"https:\/\/captainsbet.xyz\/?s={search_term_string}"},"query-input":"required name=search_term_string"}],"inLanguage":"pt-BR"}]}},"_links":{"self":[{"href":"https:\/\/captainsbet.xyz\/pt-br\/wp-json\/wp\/v2\/pages\/934"}],"collection":[{"href":"https:\/\/captainsbet.xyz\/pt-br\/wp-json\/wp\/v2\/pages"}],"about":[{"href":"https:\/\/captainsbet.xyz\/pt-br\/wp-json\/wp\/v2\/types\/page"}],"author":[{"embeddable":true,"href":"https:\/\/captainsbet.xyz\/pt-br\/wp-json\/wp\/v2\/users\/1"}],"replies":[{"embeddable":true,"href":"https:\/\/captainsbet.xyz\/pt-br\/wp-json\/wp\/v2\/comments?post=934"}],"version-history":[{"count":1,"href":"https:\/\/captainsbet.xyz\/pt-br\/wp-json\/wp\/v2\/pages\/934\/revisions"}],"predecessor-version":[{"id":947,"href":"https:\/\/captainsbet.xyz\/pt-br\/wp-json\/wp\/v2\/pages\/934\/revisions\/947"}],"wp:attachment":[{"href":"https:\/\/captainsbet.xyz\/pt-br\/wp-json\/wp\/v2\/media?parent=934"}],"curies":[{"name":"wp","href":"https:\/\/api.w.org\/{rel}","templated":true}]}}