{"id":1058,"date":"2024-10-07T12:33:58","date_gmt":"2024-10-07T12:33:58","guid":{"rendered":"https:\/\/captainsbet.xyz\/jogo-responsavel\/"},"modified":"2024-10-07T12:55:25","modified_gmt":"2024-10-07T12:55:25","slug":"jogo-responsavel","status":"publish","type":"page","link":"https:\/\/captainsbet.xyz\/pt-br\/jogo-responsavel\/","title":{"rendered":"Jogo Respons\u00e1vel"},"content":{"rendered":"\n<div id=\"ez-toc-container\" class=\"ez-toc-v2_0_82_2 counter-hierarchy ez-toc-counter ez-toc-custom ez-toc-container-direction\">\n<div class=\"ez-toc-title-container\">\n<p class=\"ez-toc-title\" style=\"cursor:inherit\">Table of Contents<\/p>\n<span class=\"ez-toc-title-toggle\"><a href=\"#\" class=\"ez-toc-pull-right ez-toc-btn ez-toc-btn-xs ez-toc-btn-default ez-toc-toggle\" aria-label=\"Alternar tabela de conte\u00fado\"><span class=\"ez-toc-js-icon-con\"><span class=\"\"><span class=\"eztoc-hide\" style=\"display:none;\">Toggle<\/span><span class=\"ez-toc-icon-toggle-span\"><svg style=\"fill: #000000;color:#000000\" xmlns=\"http:\/\/www.w3.org\/2000\/svg\" class=\"list-377408\" width=\"20px\" height=\"20px\" viewBox=\"0 0 24 24\" fill=\"none\"><path d=\"M6 6H4v2h2V6zm14 0H8v2h12V6zM4 11h2v2H4v-2zm16 0H8v2h12v-2zM4 16h2v2H4v-2zm16 0H8v2h12v-2z\" fill=\"currentColor\"><\/path><\/svg><svg style=\"fill: #000000;color:#000000\" class=\"arrow-unsorted-368013\" xmlns=\"http:\/\/www.w3.org\/2000\/svg\" width=\"10px\" height=\"10px\" viewBox=\"0 0 24 24\" version=\"1.2\" baseProfile=\"tiny\"><path d=\"M18.2 9.3l-6.2-6.3-6.2 6.3c-.2.2-.3.4-.3.7s.1.5.3.7c.2.2.4.3.7.3h11c.3 0 .5-.1.7-.3.2-.2.3-.5.3-.7s-.1-.5-.3-.7zM5.8 14.7l6.2 6.3 6.2-6.3c.2-.2.3-.5.3-.7s-.1-.5-.3-.7c-.2-.2-.4-.3-.7-.3h-11c-.3 0-.5.1-.7.3-.2.2-.3.5-.3.7s.1.5.3.7z\"\/><\/svg><\/span><\/span><\/span><\/a><\/span><\/div>\n<nav><ul class='ez-toc-list ez-toc-list-level-1 ' ><li class='ez-toc-page-1 ez-toc-heading-level-1'><a class=\"ez-toc-link ez-toc-heading-1\" href=\"https:\/\/captainsbet.xyz\/pt-br\/jogo-responsavel\/#Jogo_Responsavel_na_CaptainsBet\" >Jogo Respons\u00e1vel na CaptainsBet<\/a><ul class='ez-toc-list-level-2' ><li class='ez-toc-heading-level-2'><a class=\"ez-toc-link ez-toc-heading-2\" href=\"https:\/\/captainsbet.xyz\/pt-br\/jogo-responsavel\/#Ferramentas_para_o_Jogo_Responsavel\" >Ferramentas para o Jogo Respons\u00e1vel<\/a><\/li><li class='ez-toc-page-1 ez-toc-heading-level-2'><a class=\"ez-toc-link ez-toc-heading-3\" href=\"https:\/\/captainsbet.xyz\/pt-br\/jogo-responsavel\/#Parcerias_e_Recursos\" >Parcerias e Recursos<\/a><\/li><li class='ez-toc-page-1 ez-toc-heading-level-2'><a class=\"ez-toc-link ez-toc-heading-4\" href=\"https:\/\/captainsbet.xyz\/pt-br\/jogo-responsavel\/#Conscientizacao_e_Educacao\" >Conscientiza\u00e7\u00e3o e Educa\u00e7\u00e3o<\/a><ul class='ez-toc-list-level-3' ><li class='ez-toc-heading-level-3'><a class=\"ez-toc-link ez-toc-heading-5\" href=\"https:\/\/captainsbet.xyz\/pt-br\/jogo-responsavel\/#Prevencao_ao_Jogo_para_Menores_de_Idade\" >Preven\u00e7\u00e3o ao Jogo para Menores de Idade<\/a><\/li><\/ul><\/li><li class='ez-toc-page-1 ez-toc-heading-level-2'><a class=\"ez-toc-link ez-toc-heading-6\" href=\"https:\/\/captainsbet.xyz\/pt-br\/jogo-responsavel\/#Suporte_e_Assistencia\" >Suporte e Assist\u00eancia<\/a><\/li><\/ul><\/li><\/ul><\/nav><\/div>\n<h1 class=\"wp-block-heading\"><span class=\"ez-toc-section\" id=\"Jogo_Responsavel_na_CaptainsBet\"><\/span>Jogo Respons\u00e1vel na CaptainsBet<span class=\"ez-toc-section-end\"><\/span><\/h1>\n\n\n\n<p>Na <a href=\"https:\/\/captainsbet.xyz\/pt-br\/\">CaptainsBet<\/a>, estamos profundamente comprometidos em promover o jogo respons\u00e1vel, garantindo que nossos usu\u00e1rios aproveitem nossa plataforma em um ambiente seguro e controlado. Entendemos que as apostas e os jogos de azar podem ser emocionantes e divertidos, mas \u00e9 essencial participar dessas atividades de forma respons\u00e1vel para evitar poss\u00edveis impactos negativos. Por isso, implementamos uma s\u00e9rie de ferramentas, recursos e suporte para ajudar os usu\u00e1rios a gerenciar seus h\u00e1bitos de jogo de forma eficaz.<\/p>\n\n\n\n<h2 class=\"wp-block-heading\"><span class=\"ez-toc-section\" id=\"Ferramentas_para_o_Jogo_Responsavel\"><\/span>Ferramentas para o Jogo Respons\u00e1vel<span class=\"ez-toc-section-end\"><\/span><\/h2>\n\n\n\n<p><br>CaptainsBet oferece v\u00e1rias ferramentas para ajudar os usu\u00e1rios a manter o controle sobre seu comportamento de jogo:<\/p>\n\n\n\n<ul class=\"wp-block-list\">\n<li>Limites de Dep\u00f3sito: Os jogadores podem definir limites de dep\u00f3sito di\u00e1rios, semanais ou mensais para controlar quanto querem gastar. Essa fun\u00e7\u00e3o permite que os usu\u00e1rios permane\u00e7am dentro de seu or\u00e7amento e evitem gastos impulsivos. <\/li>\n\n\n\n<li>Limites de Apostas: Essa op\u00e7\u00e3o permite que os jogadores definam limites sobre quanto podem apostar em um determinado per\u00edodo de tempo, ajudando a gerenciar o n\u00edvel de risco e a exposi\u00e7\u00e3o a perdas.<\/li>\n\n\n\n<li>Limites de Sess\u00e3o: Para incentivar um jogo consciente, os jogadores podem estabelecer limites de tempo para cada sess\u00e3o de jogo, garantindo que fa\u00e7am pausas e que o tempo de jogo permane\u00e7a dentro de limites saud\u00e1veis.<\/li>\n\n\n\n<li>Autoexclus\u00e3o: Para quem sente que precisa de uma pausa no jogo, a CaptainsBet oferece a op\u00e7\u00e3o de autoexclus\u00e3o. Os jogadores podem escolher suspender temporariamente sua conta por um per\u00edodo que varia de dias a meses. Tamb\u00e9m est\u00e1 dispon\u00edvel a op\u00e7\u00e3o de autoexclus\u00e3o por tempo indeterminado para quem deseja uma pausa mais longa.  <\/li>\n<\/ul>\n\n\n\n<h2 class=\"wp-block-heading\"><span class=\"ez-toc-section\" id=\"Parcerias_e_Recursos\"><\/span>Parcerias e Recursos<span class=\"ez-toc-section-end\"><\/span><\/h2>\n\n\n\n<p><br>Trabalhamos em parceria com v\u00e1rias organiza\u00e7\u00f5es especializadas em apoio contra o v\u00edcio em jogos, garantindo que os jogadores tenham acesso a assist\u00eancia profissional sempre que necess\u00e1rio. Fornecemos links para organiza\u00e7\u00f5es respeitadas, como: <\/p>\n\n\n\n<ul class=\"wp-block-list\">\n<li>GamCare: Oferece recursos e aconselhamento para aqueles que enfrentam problemas de v\u00edcio em jogos de azar.<\/li>\n\n\n\n<li>Gambling Therapy: Disponibiliza suporte e aconselhamento para jogadores de todo o mundo que buscam ajuda com problemas relacionados ao jogo.<\/li>\n\n\n\n<li>Linhas de Apoio Nacionais: Fornecemos informa\u00e7\u00f5es de contato para linhas de apoio nacionais espec\u00edficas para cada pa\u00eds, oferecendo ajuda imediata e orienta\u00e7\u00e3o.<\/li>\n<\/ul>\n\n\n\n<h2 class=\"wp-block-heading\"><span class=\"ez-toc-section\" id=\"Conscientizacao_e_Educacao\"><\/span><br>Conscientiza\u00e7\u00e3o e Educa\u00e7\u00e3o<span class=\"ez-toc-section-end\"><\/span><\/h2>\n\n\n\n<p><br>CaptainsBet tamb\u00e9m se empenha em promover a conscientiza\u00e7\u00e3o sobre as pr\u00e1ticas de jogo respons\u00e1vel. Nossa plataforma inclui materiais informativos para ajudar a reconhecer sinais de problemas com o jogo e oferece conselhos pr\u00e1ticos para manter o controle das atividades de jogo. Incentivamos os jogadores a tratarem o jogo como uma forma de entretenimento, e n\u00e3o como um meio de ganhar dinheiro.  <\/p>\n\n\n\n<h3 class=\"wp-block-heading\"><span class=\"ez-toc-section\" id=\"Prevencao_ao_Jogo_para_Menores_de_Idade\"><\/span>Preven\u00e7\u00e3o ao Jogo para Menores de Idade<span class=\"ez-toc-section-end\"><\/span><\/h3>\n\n\n\n<p><br>Estamos comprometidos com a preven\u00e7\u00e3o ao jogo de menores de idade e realizamos rigorosos controles de idade durante o processo de registro. Nossa plataforma est\u00e1 dispon\u00edvel apenas para maiores de idade, conforme as regulamenta\u00e7\u00f5es locais. Caso haja suspeita de jogo de menores, a conta \u00e9 imediatamente suspensa at\u00e9 que a verifica\u00e7\u00e3o de idade seja conclu\u00edda.  <\/p>\n\n\n\n<h2 class=\"wp-block-heading\"><span class=\"ez-toc-section\" id=\"Suporte_e_Assistencia\"><\/span>Suporte e Assist\u00eancia<span class=\"ez-toc-section-end\"><\/span><\/h2>\n\n\n\n<p><br>Nossa equipe de atendimento ao cliente est\u00e1 treinada para lidar com quest\u00f5es relacionadas ao jogo respons\u00e1vel. Se um jogador ou algu\u00e9m pr\u00f3ximo a ele sentir que precisa de ajuda ou orienta\u00e7\u00e3o, nosso suporte est\u00e1 dispon\u00edvel 24 horas por dia, 7 dias por semana, via chat ao vivo, e-mail ou telefone, para fornecer assist\u00eancia e recursos. <\/p>\n\n\n\n<p>Na CaptainsBet, nosso objetivo \u00e9 proporcionar uma experi\u00eancia de jogo segura e agrad\u00e1vel para todos os usu\u00e1rios. Promovendo pr\u00e1ticas de jogo respons\u00e1vel e oferecendo suporte completo, fazemos da CaptainsBet uma plataforma onde os jogadores podem se divertir de maneira segura e consciente. <\/p>\n","protected":false},"excerpt":{"rendered":"<p>Jogo Respons\u00e1vel na CaptainsBet Na CaptainsBet, estamos profundamente comprometidos em promover o jogo respons\u00e1vel, garantindo que nossos usu\u00e1rios aproveitem nossa plataforma em um ambiente seguro e controlado. Entendemos que as apostas e os jogos de azar podem ser emocionantes e divertidos, mas \u00e9 essencial participar dessas atividades de forma respons\u00e1vel para evitar poss\u00edveis impactos negativos. [&hellip;]<\/p>\n","protected":false},"author":1,"featured_media":0,"parent":0,"menu_order":0,"comment_status":"closed","ping_status":"closed","template":"","meta":{"footnotes":""},"class_list":["post-1058","page","type-page","status-publish","hentry"],"acf":[],"yoast_head":"<!-- This site is optimized with the Yoast SEO plugin v22.9 - https:\/\/yoast.com\/wordpress\/plugins\/seo\/ -->\n<title>Jogo Respons\u00e1vel - CaptainsBet | Seguran\u00e7a e Apoio<\/title>\n<meta name=\"description\" content=\"Conhe\u00e7a o compromisso da CaptainsBet com o jogo respons\u00e1vel. Utilize ferramentas como limites de dep\u00f3sito e autoexclus\u00e3o para uma experi\u00eancia de jogo segura e consciente.\" \/>\n<meta name=\"robots\" content=\"index, follow, max-snippet:-1, max-image-preview:large, max-video-preview:-1\" \/>\n<link rel=\"canonical\" href=\"https:\/\/captainsbet.xyz\/pt-br\/jogo-responsavel\/\" \/>\n<meta property=\"og:locale\" content=\"pt_BR\" \/>\n<meta property=\"og:type\" content=\"article\" \/>\n<meta property=\"og:url\" content=\"https:\/\/captainsbet.xyz\/pt-br\/jogo-responsavel\/\" \/>\n<meta property=\"og:site_name\" content=\"CaptainsBet\" \/>\n<meta property=\"article:modified_time\" content=\"2024-10-07T12:55:25+00:00\" \/>\n<meta name=\"twitter:label1\" content=\"Est. tempo de leitura\" \/>\n\t<meta name=\"twitter:data1\" content=\"3 minutos\" \/>\n<script type=\"application\/ld+json\" class=\"yoast-schema-graph\">{\"@context\":\"https:\/\/schema.org\",\"@graph\":[{\"@type\":\"WebPage\",\"@id\":\"https:\/\/captainsbet.xyz\/pt-br\/jogo-responsavel\/\",\"url\":\"https:\/\/captainsbet.xyz\/pt-br\/jogo-responsavel\/\",\"name\":\"Jogo Respons\u00e1vel - CaptainsBet | Seguran\u00e7a e Apoio\",\"isPartOf\":{\"@id\":\"https:\/\/captainsbet.xyz\/#website\"},\"datePublished\":\"2024-10-07T12:33:58+00:00\",\"dateModified\":\"2024-10-07T12:55:25+00:00\",\"description\":\"Conhe\u00e7a o compromisso da CaptainsBet com o jogo respons\u00e1vel. Utilize ferramentas como limites de dep\u00f3sito e autoexclus\u00e3o para uma experi\u00eancia de jogo segura e consciente.\",\"breadcrumb\":{\"@id\":\"https:\/\/captainsbet.xyz\/pt-br\/jogo-responsavel\/#breadcrumb\"},\"inLanguage\":\"pt-BR\",\"potentialAction\":[{\"@type\":\"ReadAction\",\"target\":[\"https:\/\/captainsbet.xyz\/pt-br\/jogo-responsavel\/\"]}]},{\"@type\":\"BreadcrumbList\",\"@id\":\"https:\/\/captainsbet.xyz\/pt-br\/jogo-responsavel\/#breadcrumb\",\"itemListElement\":[{\"@type\":\"ListItem\",\"position\":1,\"name\":\"Home\",\"item\":\"https:\/\/captainsbet.xyz\/pt-br\/\"},{\"@type\":\"ListItem\",\"position\":2,\"name\":\"Jogo Respons\u00e1vel\"}]},{\"@type\":\"WebSite\",\"@id\":\"https:\/\/captainsbet.xyz\/#website\",\"url\":\"https:\/\/captainsbet.xyz\/\",\"name\":\"CaptainsBet\",\"description\":\"\",\"potentialAction\":[{\"@type\":\"SearchAction\",\"target\":{\"@type\":\"EntryPoint\",\"urlTemplate\":\"https:\/\/captainsbet.xyz\/?s={search_term_string}\"},\"query-input\":\"required name=search_term_string\"}],\"inLanguage\":\"pt-BR\"}]}<\/script>\n<!-- \/ Yoast SEO plugin. -->","yoast_head_json":{"title":"Jogo Respons\u00e1vel - CaptainsBet | Seguran\u00e7a e Apoio","description":"Conhe\u00e7a o compromisso da CaptainsBet com o jogo respons\u00e1vel. Utilize ferramentas como limites de dep\u00f3sito e autoexclus\u00e3o para uma experi\u00eancia de jogo segura e consciente.","robots":{"index":"index","follow":"follow","max-snippet":"max-snippet:-1","max-image-preview":"max-image-preview:large","max-video-preview":"max-video-preview:-1"},"canonical":"https:\/\/captainsbet.xyz\/pt-br\/jogo-responsavel\/","og_locale":"pt_BR","og_type":"article","og_url":"https:\/\/captainsbet.xyz\/pt-br\/jogo-responsavel\/","og_site_name":"CaptainsBet","article_modified_time":"2024-10-07T12:55:25+00:00","twitter_misc":{"Est. tempo de leitura":"3 minutos"},"schema":{"@context":"https:\/\/schema.org","@graph":[{"@type":"WebPage","@id":"https:\/\/captainsbet.xyz\/pt-br\/jogo-responsavel\/","url":"https:\/\/captainsbet.xyz\/pt-br\/jogo-responsavel\/","name":"Jogo Respons\u00e1vel - CaptainsBet | Seguran\u00e7a e Apoio","isPartOf":{"@id":"https:\/\/captainsbet.xyz\/#website"},"datePublished":"2024-10-07T12:33:58+00:00","dateModified":"2024-10-07T12:55:25+00:00","description":"Conhe\u00e7a o compromisso da CaptainsBet com o jogo respons\u00e1vel. Utilize ferramentas como limites de dep\u00f3sito e autoexclus\u00e3o para uma experi\u00eancia de jogo segura e consciente.","breadcrumb":{"@id":"https:\/\/captainsbet.xyz\/pt-br\/jogo-responsavel\/#breadcrumb"},"inLanguage":"pt-BR","potentialAction":[{"@type":"ReadAction","target":["https:\/\/captainsbet.xyz\/pt-br\/jogo-responsavel\/"]}]},{"@type":"BreadcrumbList","@id":"https:\/\/captainsbet.xyz\/pt-br\/jogo-responsavel\/#breadcrumb","itemListElement":[{"@type":"ListItem","position":1,"name":"Home","item":"https:\/\/captainsbet.xyz\/pt-br\/"},{"@type":"ListItem","position":2,"name":"Jogo Respons\u00e1vel"}]},{"@type":"WebSite","@id":"https:\/\/captainsbet.xyz\/#website","url":"https:\/\/captainsbet.xyz\/","name":"CaptainsBet","description":"","potentialAction":[{"@type":"SearchAction","target":{"@type":"EntryPoint","urlTemplate":"https:\/\/captainsbet.xyz\/?s={search_term_string}"},"query-input":"required name=search_term_string"}],"inLanguage":"pt-BR"}]}},"_links":{"self":[{"href":"https:\/\/captainsbet.xyz\/pt-br\/wp-json\/wp\/v2\/pages\/1058"}],"collection":[{"href":"https:\/\/captainsbet.xyz\/pt-br\/wp-json\/wp\/v2\/pages"}],"about":[{"href":"https:\/\/captainsbet.xyz\/pt-br\/wp-json\/wp\/v2\/types\/page"}],"author":[{"embeddable":true,"href":"https:\/\/captainsbet.xyz\/pt-br\/wp-json\/wp\/v2\/users\/1"}],"replies":[{"embeddable":true,"href":"https:\/\/captainsbet.xyz\/pt-br\/wp-json\/wp\/v2\/comments?post=1058"}],"version-history":[{"count":2,"href":"https:\/\/captainsbet.xyz\/pt-br\/wp-json\/wp\/v2\/pages\/1058\/revisions"}],"predecessor-version":[{"id":1062,"href":"https:\/\/captainsbet.xyz\/pt-br\/wp-json\/wp\/v2\/pages\/1058\/revisions\/1062"}],"wp:attachment":[{"href":"https:\/\/captainsbet.xyz\/pt-br\/wp-json\/wp\/v2\/media?parent=1058"}],"curies":[{"name":"wp","href":"https:\/\/api.w.org\/{rel}","templated":true}]}}