{"id":928,"date":"2024-09-20T14:06:36","date_gmt":"2024-09-20T14:06:36","guid":{"rendered":"https:\/\/captainsbet.xyz\/contactez-nous\/"},"modified":"2024-09-24T09:45:05","modified_gmt":"2024-09-24T09:45:05","slug":"contactez-nous","status":"publish","type":"page","link":"https:\/\/captainsbet.xyz\/fr\/contactez-nous\/","title":{"rendered":"Contactez nous"},"content":{"rendered":"\n<p>Contactez-nous &#8211; Captainsbet<\/p>\n\n\n\n<p>Chez <a href=\"https:\/\/captainsbet.xyz\/fr\/\">Captains bet<\/a>, nous nous engageons \u00e0 fournir \u00e0 nos utilisateurs la meilleure exp\u00e9rience de pari possible.\nQue vous ayez une question, que vous ayez besoin d&rsquo;aide pour g\u00e9rer votre compte ou que vous souhaitiez en savoir plus sur nos services, notre sympathique \u00e9quipe d&rsquo;assistance \u00e0 la client\u00e8le est l\u00e0 pour vous aider. <\/p>\n\n\n\n<p>Canaux d&rsquo;assistance \u00e0 la client\u00e8le<br>Nous vous proposons plusieurs moyens de nous contacter, afin que vous puissiez choisir l&rsquo;option qui vous convient le mieux :<\/p>\n\n\n\n<p>Chat en direct : Pour obtenir une aide instantan\u00e9e, utilisez notre fonction de chat en direct, disponible 24 heures sur 24 et 7 jours sur 7 sur le site web.\nIl vous suffit de cliquer sur l&rsquo;ic\u00f4ne de chat en bas de la page pour entrer en contact avec un repr\u00e9sentant du service client\u00e8le en temps r\u00e9el. <\/p>\n\n\n\n<p>Assistance par courrier \u00e9lectronique : Pour des questions plus d\u00e9taill\u00e9es ou si vous pr\u00e9f\u00e9rez le courrier \u00e9lectronique, contactez-nous \u00e0 l&rsquo;adresse support@captainsbet.com.\nNous nous effor\u00e7ons de r\u00e9pondre \u00e0 tous les courriels dans les 24 heures. <\/p>\n\n\n\n<p>Centre d&rsquo;aide et FAQ<br>Avant de nous contacter, vous pouvez \u00e9galement consulter notre section FAQ pour obtenir des r\u00e9ponses aux questions les plus courantes sur les d\u00e9p\u00f4ts, les retraits, les bonus et bien plus encore.<\/p>\n\n\n\n<p>M\u00e9dias sociaux<br>Restez en contact avec nous sur nos canaux de m\u00e9dias sociaux pour conna\u00eetre les derni\u00e8res nouvelles, promotions et mises \u00e0 jour.<\/p>\n\n\n\n<p>Nous sommes l\u00e0 pour veiller \u00e0 ce que votre exp\u00e9rience sur Captainsbet soit fluide et agr\u00e9able. N&rsquo;h\u00e9sitez pas \u00e0 nous contacter \u00e0 tout moment !<\/p>\n","protected":false},"excerpt":{"rendered":"<p>Contactez-nous &#8211; Captainsbet Chez Captains bet, nous nous engageons \u00e0 fournir \u00e0 nos utilisateurs la meilleure exp\u00e9rience de pari possible. Que vous ayez une question, que vous ayez besoin d&rsquo;aide pour g\u00e9rer votre compte ou que vous souhaitiez en savoir plus sur nos services, notre sympathique \u00e9quipe d&rsquo;assistance \u00e0 la client\u00e8le est l\u00e0 pour vous [&hellip;]<\/p>\n","protected":false},"author":1,"featured_media":0,"parent":0,"menu_order":0,"comment_status":"closed","ping_status":"closed","template":"","meta":{"footnotes":""},"class_list":["post-928","page","type-page","status-publish","hentry"],"acf":[],"yoast_head":"<!-- This site is optimized with the Yoast SEO plugin v22.9 - https:\/\/yoast.com\/wordpress\/plugins\/seo\/ -->\n<title>Contactez-nous - Assistance client\u00e8le CaptainsBet<\/title>\n<meta name=\"description\" content=\"Contactez le service client de CaptainsBet pour obtenir de l&#039;aide. Contactez-nous via le chat en direct, par e-mail ou par t\u00e9l\u00e9phone. Nous sommes l\u00e0 24h\/24 et 7j\/7 pour vous aider en cas de probl\u00e8mes de paris, d&#039;inscription et de compte.\" \/>\n<meta name=\"robots\" content=\"index, follow, max-snippet:-1, max-image-preview:large, max-video-preview:-1\" \/>\n<link rel=\"canonical\" href=\"https:\/\/captainsbet.xyz\/fr\/contactez-nous\/\" \/>\n<meta property=\"og:locale\" content=\"fr_FR\" \/>\n<meta property=\"og:type\" content=\"article\" \/>\n<meta property=\"og:url\" content=\"https:\/\/captainsbet.xyz\/fr\/contactez-nous\/\" \/>\n<meta property=\"og:site_name\" content=\"CaptainsBet\" \/>\n<meta property=\"article:modified_time\" content=\"2024-09-24T09:45:05+00:00\" \/>\n<meta name=\"twitter:label1\" content=\"Dur\u00e9e de lecture estim\u00e9e\" \/>\n\t<meta name=\"twitter:data1\" content=\"2 minutes\" \/>\n<script type=\"application\/ld+json\" class=\"yoast-schema-graph\">{\"@context\":\"https:\/\/schema.org\",\"@graph\":[{\"@type\":\"WebPage\",\"@id\":\"https:\/\/captainsbet.xyz\/fr\/contactez-nous\/\",\"url\":\"https:\/\/captainsbet.xyz\/fr\/contactez-nous\/\",\"name\":\"Contactez-nous - Assistance client\u00e8le CaptainsBet\",\"isPartOf\":{\"@id\":\"https:\/\/captainsbet.xyz\/#website\"},\"datePublished\":\"2024-09-20T14:06:36+00:00\",\"dateModified\":\"2024-09-24T09:45:05+00:00\",\"description\":\"Contactez le service client de CaptainsBet pour obtenir de l'aide. Contactez-nous via le chat en direct, par e-mail ou par t\u00e9l\u00e9phone. Nous sommes l\u00e0 24h\/24 et 7j\/7 pour vous aider en cas de probl\u00e8mes de paris, d'inscription et de compte.\",\"breadcrumb\":{\"@id\":\"https:\/\/captainsbet.xyz\/fr\/contactez-nous\/#breadcrumb\"},\"inLanguage\":\"fr-FR\",\"potentialAction\":[{\"@type\":\"ReadAction\",\"target\":[\"https:\/\/captainsbet.xyz\/fr\/contactez-nous\/\"]}]},{\"@type\":\"BreadcrumbList\",\"@id\":\"https:\/\/captainsbet.xyz\/fr\/contactez-nous\/#breadcrumb\",\"itemListElement\":[{\"@type\":\"ListItem\",\"position\":1,\"name\":\"Home\",\"item\":\"https:\/\/captainsbet.xyz\/fr\/\"},{\"@type\":\"ListItem\",\"position\":2,\"name\":\"Contactez nous\"}]},{\"@type\":\"WebSite\",\"@id\":\"https:\/\/captainsbet.xyz\/#website\",\"url\":\"https:\/\/captainsbet.xyz\/\",\"name\":\"CaptainsBet\",\"description\":\"\",\"potentialAction\":[{\"@type\":\"SearchAction\",\"target\":{\"@type\":\"EntryPoint\",\"urlTemplate\":\"https:\/\/captainsbet.xyz\/?s={search_term_string}\"},\"query-input\":\"required name=search_term_string\"}],\"inLanguage\":\"fr-FR\"}]}<\/script>\n<!-- \/ Yoast SEO plugin. -->","yoast_head_json":{"title":"Contactez-nous - Assistance client\u00e8le CaptainsBet","description":"Contactez le service client de CaptainsBet pour obtenir de l'aide. Contactez-nous via le chat en direct, par e-mail ou par t\u00e9l\u00e9phone. Nous sommes l\u00e0 24h\/24 et 7j\/7 pour vous aider en cas de probl\u00e8mes de paris, d'inscription et de compte.","robots":{"index":"index","follow":"follow","max-snippet":"max-snippet:-1","max-image-preview":"max-image-preview:large","max-video-preview":"max-video-preview:-1"},"canonical":"https:\/\/captainsbet.xyz\/fr\/contactez-nous\/","og_locale":"fr_FR","og_type":"article","og_url":"https:\/\/captainsbet.xyz\/fr\/contactez-nous\/","og_site_name":"CaptainsBet","article_modified_time":"2024-09-24T09:45:05+00:00","twitter_misc":{"Dur\u00e9e de lecture estim\u00e9e":"2 minutes"},"schema":{"@context":"https:\/\/schema.org","@graph":[{"@type":"WebPage","@id":"https:\/\/captainsbet.xyz\/fr\/contactez-nous\/","url":"https:\/\/captainsbet.xyz\/fr\/contactez-nous\/","name":"Contactez-nous - Assistance client\u00e8le CaptainsBet","isPartOf":{"@id":"https:\/\/captainsbet.xyz\/#website"},"datePublished":"2024-09-20T14:06:36+00:00","dateModified":"2024-09-24T09:45:05+00:00","description":"Contactez le service client de CaptainsBet pour obtenir de l'aide. Contactez-nous via le chat en direct, par e-mail ou par t\u00e9l\u00e9phone. Nous sommes l\u00e0 24h\/24 et 7j\/7 pour vous aider en cas de probl\u00e8mes de paris, d'inscription et de compte.","breadcrumb":{"@id":"https:\/\/captainsbet.xyz\/fr\/contactez-nous\/#breadcrumb"},"inLanguage":"fr-FR","potentialAction":[{"@type":"ReadAction","target":["https:\/\/captainsbet.xyz\/fr\/contactez-nous\/"]}]},{"@type":"BreadcrumbList","@id":"https:\/\/captainsbet.xyz\/fr\/contactez-nous\/#breadcrumb","itemListElement":[{"@type":"ListItem","position":1,"name":"Home","item":"https:\/\/captainsbet.xyz\/fr\/"},{"@type":"ListItem","position":2,"name":"Contactez nous"}]},{"@type":"WebSite","@id":"https:\/\/captainsbet.xyz\/#website","url":"https:\/\/captainsbet.xyz\/","name":"CaptainsBet","description":"","potentialAction":[{"@type":"SearchAction","target":{"@type":"EntryPoint","urlTemplate":"https:\/\/captainsbet.xyz\/?s={search_term_string}"},"query-input":"required name=search_term_string"}],"inLanguage":"fr-FR"}]}},"_links":{"self":[{"href":"https:\/\/captainsbet.xyz\/fr\/wp-json\/wp\/v2\/pages\/928"}],"collection":[{"href":"https:\/\/captainsbet.xyz\/fr\/wp-json\/wp\/v2\/pages"}],"about":[{"href":"https:\/\/captainsbet.xyz\/fr\/wp-json\/wp\/v2\/types\/page"}],"author":[{"embeddable":true,"href":"https:\/\/captainsbet.xyz\/fr\/wp-json\/wp\/v2\/users\/1"}],"replies":[{"embeddable":true,"href":"https:\/\/captainsbet.xyz\/fr\/wp-json\/wp\/v2\/comments?post=928"}],"version-history":[{"count":2,"href":"https:\/\/captainsbet.xyz\/fr\/wp-json\/wp\/v2\/pages\/928\/revisions"}],"predecessor-version":[{"id":944,"href":"https:\/\/captainsbet.xyz\/fr\/wp-json\/wp\/v2\/pages\/928\/revisions\/944"}],"wp:attachment":[{"href":"https:\/\/captainsbet.xyz\/fr\/wp-json\/wp\/v2\/media?parent=928"}],"curies":[{"name":"wp","href":"https:\/\/api.w.org\/{rel}","templated":true}]}}