{"id":1048,"date":"2024-10-07T12:33:58","date_gmt":"2024-10-07T12:33:58","guid":{"rendered":"https:\/\/captainsbet.xyz\/responsible-gaming\/"},"modified":"2024-10-07T12:39:41","modified_gmt":"2024-10-07T12:39:41","slug":"jeu-responsable","status":"publish","type":"page","link":"https:\/\/captainsbet.xyz\/fr\/jeu-responsable\/","title":{"rendered":"Jeu Responsable"},"content":{"rendered":"\n<div id=\"ez-toc-container\" class=\"ez-toc-v2_0_82_2 counter-hierarchy ez-toc-counter ez-toc-custom ez-toc-container-direction\">\n<div class=\"ez-toc-title-container\">\n<p class=\"ez-toc-title\" style=\"cursor:inherit\">Table of Contents<\/p>\n<span class=\"ez-toc-title-toggle\"><a href=\"#\" class=\"ez-toc-pull-right ez-toc-btn ez-toc-btn-xs ez-toc-btn-default ez-toc-toggle\" aria-label=\"Toggle Table of Content\"><span class=\"ez-toc-js-icon-con\"><span class=\"\"><span class=\"eztoc-hide\" style=\"display:none;\">Toggle<\/span><span class=\"ez-toc-icon-toggle-span\"><svg style=\"fill: #000000;color:#000000\" xmlns=\"http:\/\/www.w3.org\/2000\/svg\" class=\"list-377408\" width=\"20px\" height=\"20px\" viewBox=\"0 0 24 24\" fill=\"none\"><path d=\"M6 6H4v2h2V6zm14 0H8v2h12V6zM4 11h2v2H4v-2zm16 0H8v2h12v-2zM4 16h2v2H4v-2zm16 0H8v2h12v-2z\" fill=\"currentColor\"><\/path><\/svg><svg style=\"fill: #000000;color:#000000\" class=\"arrow-unsorted-368013\" xmlns=\"http:\/\/www.w3.org\/2000\/svg\" width=\"10px\" height=\"10px\" viewBox=\"0 0 24 24\" version=\"1.2\" baseProfile=\"tiny\"><path d=\"M18.2 9.3l-6.2-6.3-6.2 6.3c-.2.2-.3.4-.3.7s.1.5.3.7c.2.2.4.3.7.3h11c.3 0 .5-.1.7-.3.2-.2.3-.5.3-.7s-.1-.5-.3-.7zM5.8 14.7l6.2 6.3 6.2-6.3c.2-.2.3-.5.3-.7s-.1-.5-.3-.7c-.2-.2-.4-.3-.7-.3h-11c-.3 0-.5.1-.7.3-.2.2-.3.5-.3.7s.1.5.3.7z\"\/><\/svg><\/span><\/span><\/span><\/a><\/span><\/div>\n<nav><ul class='ez-toc-list ez-toc-list-level-1 ' ><li class='ez-toc-page-1 ez-toc-heading-level-1'><a class=\"ez-toc-link ez-toc-heading-1\" href=\"https:\/\/captainsbet.xyz\/fr\/jeu-responsable\/#Jeu_Responsable_chez_CaptainsBet\" >Jeu Responsable chez CaptainsBet<\/a><ul class='ez-toc-list-level-2' ><li class='ez-toc-heading-level-2'><a class=\"ez-toc-link ez-toc-heading-2\" href=\"https:\/\/captainsbet.xyz\/fr\/jeu-responsable\/#Outils_pour_le_Jeu_Responsable\" >Outils pour le Jeu Responsable<\/a><\/li><li class='ez-toc-page-1 ez-toc-heading-level-2'><a class=\"ez-toc-link ez-toc-heading-3\" href=\"https:\/\/captainsbet.xyz\/fr\/jeu-responsable\/#Partenariats_et_Ressources\" >Partenariats et Ressources<\/a><\/li><li class='ez-toc-page-1 ez-toc-heading-level-2'><a class=\"ez-toc-link ez-toc-heading-4\" href=\"https:\/\/captainsbet.xyz\/fr\/jeu-responsable\/#Sensibilisation_et_Education\" >Sensibilisation et \u00c9ducation<\/a><\/li><li class='ez-toc-page-1 ez-toc-heading-level-2'><a class=\"ez-toc-link ez-toc-heading-5\" href=\"https:\/\/captainsbet.xyz\/fr\/jeu-responsable\/#Prevention_du_Jeu_des_Mineurs\" >Pr\u00e9vention du Jeu des Mineurs<\/a><\/li><li class='ez-toc-page-1 ez-toc-heading-level-2'><a class=\"ez-toc-link ez-toc-heading-6\" href=\"https:\/\/captainsbet.xyz\/fr\/jeu-responsable\/#Soutien_et_Assistance\" >Soutien et Assistance<\/a><\/li><\/ul><\/li><\/ul><\/nav><\/div>\n<h1 class=\"wp-block-heading\"><span class=\"ez-toc-section\" id=\"Jeu_Responsable_chez_CaptainsBet\"><\/span>Jeu Responsable chez CaptainsBet<span class=\"ez-toc-section-end\"><\/span><\/h1>\n\n\n\n<p>Chez <a href=\"https:\/\/captainsbet.xyz\/fr\/\">CaptainsBet<\/a>, nous nous engageons pleinement \u00e0 promouvoir le jeu responsable, assurant ainsi \u00e0 nos utilisateurs une exp\u00e9rience de jeu s\u00e9curis\u00e9e et contr\u00f4l\u00e9e. Nous comprenons que bien que les paris et les jeux puissent \u00eatre excitants et divertissants, il est essentiel d&rsquo;y participer de mani\u00e8re responsable pour \u00e9viter tout impact n\u00e9gatif potentiel sur la vie quotidienne. C\u2019est pourquoi nous avons mis en place une s\u00e9rie d\u2019outils, de ressources et de soutiens pour aider nos utilisateurs \u00e0 g\u00e9rer leurs habitudes de jeu efficacement.<\/p>\n\n\n\n<h2 class=\"wp-block-heading\"><span class=\"ez-toc-section\" id=\"Outils_pour_le_Jeu_Responsable\"><\/span>Outils pour le Jeu Responsable<span class=\"ez-toc-section-end\"><\/span><\/h2>\n\n\n\n<p><br>CaptainsBet propose divers outils pour aider les utilisateurs \u00e0 contr\u00f4ler leur comportement de jeu :<\/p>\n\n\n\n<ul class=\"wp-block-list\">\n<li>Limites de d\u00e9p\u00f4t : Les joueurs peuvent d\u00e9finir des limites de d\u00e9p\u00f4t quotidiennes, hebdomadaires ou mensuelles pour contr\u00f4ler le montant qu&rsquo;ils d\u00e9pensent. Cela permet de respecter leur budget et d\u2019\u00e9viter les d\u00e9penses impulsives.<\/li>\n\n\n\n<li>Limites de mise : Cette option permet aux joueurs de fixer des limites sur le montant qu&rsquo;ils peuvent parier dans un laps de temps donn\u00e9, contribuant ainsi \u00e0 g\u00e9rer le niveau de risque et d&rsquo;exposition aux pertes.<\/li>\n\n\n\n<li>Limites de session : Pour encourager une pratique consciente du jeu, les joueurs peuvent d\u00e9finir des limites de temps de connexion, garantissant des pauses r\u00e9guli\u00e8res et des sessions de jeu saines.<\/li>\n\n\n\n<li>Auto-exclusion : Pour les joueurs qui souhaitent faire une pause, CaptainsBet propose une option d\u2019auto-exclusion. Ils peuvent choisir de suspendre temporairement leur compte, de quelques jours \u00e0 plusieurs mois. Une option d\u2019auto-exclusion illimit\u00e9e est \u00e9galement disponible pour ceux qui ont besoin d\u2019un r\u00e9pit plus prolong\u00e9.<\/li>\n<\/ul>\n\n\n\n<h2 class=\"wp-block-heading\"><span class=\"ez-toc-section\" id=\"Partenariats_et_Ressources\"><\/span>Partenariats et Ressources<span class=\"ez-toc-section-end\"><\/span><\/h2>\n\n\n\n<p><br>Nous collaborons avec plusieurs organisations sp\u00e9cialis\u00e9es dans le soutien aux personnes ayant des probl\u00e8mes de d\u00e9pendance au jeu. CaptainsBet offre des liens vers des organismes reconnus, tels que :<\/p>\n\n\n\n<ul class=\"wp-block-list\">\n<li>GamCare : Offre des ressources et des conseils aux personnes confront\u00e9es \u00e0 une addiction au jeu.<\/li>\n\n\n\n<li>Gambling Therapy : Fournit un soutien et des services de conseil \u00e0 l\u2019\u00e9chelle mondiale pour les joueurs cherchant de l&rsquo;aide.<\/li>\n\n\n\n<li>Lignes d\u2019assistance nationales : Nous fournissons \u00e9galement les coordonn\u00e9es de lignes d\u2019assistance locales pour un soutien imm\u00e9diat.<\/li>\n<\/ul>\n\n\n\n<h2 class=\"wp-block-heading\"><span class=\"ez-toc-section\" id=\"Sensibilisation_et_Education\"><\/span><br>Sensibilisation et \u00c9ducation<span class=\"ez-toc-section-end\"><\/span><\/h2>\n\n\n\n<p><br>CaptainsBet promeut \u00e9galement la sensibilisation et l\u2019\u00e9ducation aux pratiques de jeu responsable. Nous offrons des informations sur les signes de jeu probl\u00e9matique et des conseils pratiques pour garder le contr\u00f4le sur les activit\u00e9s de jeu. Nous encourageons nos joueurs \u00e0 aborder le jeu avec mod\u00e9ration, comme une forme de divertissement et non comme un moyen de gagner de l\u2019argent.<\/p>\n\n\n\n<h2 class=\"wp-block-heading\"><span class=\"ez-toc-section\" id=\"Prevention_du_Jeu_des_Mineurs\"><\/span>Pr\u00e9vention du Jeu des Mineurs<span class=\"ez-toc-section-end\"><\/span><\/h2>\n\n\n\n<p><br>Nous sommes fermement engag\u00e9s dans la pr\u00e9vention du jeu des mineurs et appliquons des contr\u00f4les rigoureux de v\u00e9rification de l&rsquo;\u00e2ge lors de l&rsquo;inscription. Notre plateforme est accessible uniquement aux personnes ayant l\u2019\u00e2ge l\u00e9gal requis dans leur juridiction. En cas de doute sur l\u2019\u00e2ge d\u2019un joueur, son compte est imm\u00e9diatement suspendu jusqu\u2019\u00e0 v\u00e9rification.<\/p>\n\n\n\n<h2 class=\"wp-block-heading\"><span class=\"ez-toc-section\" id=\"Soutien_et_Assistance\"><\/span>Soutien et Assistance<span class=\"ez-toc-section-end\"><\/span><\/h2>\n\n\n\n<p><br>Notre \u00e9quipe de support est form\u00e9e pour r\u00e9pondre aux questions li\u00e9es au jeu responsable. Si un joueur ou ses proches estiment avoir besoin d\u2019aide, notre \u00e9quipe est disponible 24\/7 par chat en direct, e-mail ou t\u00e9l\u00e9phone pour offrir l\u2019assistance et les ressources n\u00e9cessaires.<\/p>\n\n\n\n<p>Chez CaptainsBet, nous visons \u00e0 offrir une exp\u00e9rience de jeu agr\u00e9able et s\u00e9curis\u00e9e pour tous nos utilisateurs. En promouvant des pratiques de jeu responsable et en offrant un soutien complet, nous faisons de CaptainsBet une plateforme o\u00f9 les joueurs peuvent s&rsquo;amuser de mani\u00e8re responsable et en toute confiance.<\/p>\n\n\n\n<p><\/p>\n","protected":false},"excerpt":{"rendered":"<p>Jeu Responsable chez CaptainsBet Chez CaptainsBet, nous nous engageons pleinement \u00e0 promouvoir le jeu responsable, assurant ainsi \u00e0 nos utilisateurs une exp\u00e9rience de jeu s\u00e9curis\u00e9e et contr\u00f4l\u00e9e. Nous comprenons que bien que les paris et les jeux puissent \u00eatre excitants et divertissants, il est essentiel d&rsquo;y participer de mani\u00e8re responsable pour \u00e9viter tout impact n\u00e9gatif [&hellip;]<\/p>\n","protected":false},"author":1,"featured_media":0,"parent":0,"menu_order":0,"comment_status":"closed","ping_status":"closed","template":"","meta":{"footnotes":""},"class_list":["post-1048","page","type-page","status-publish","hentry"],"acf":[],"yoast_head":"<!-- This site is optimized with the Yoast SEO plugin v22.9 - https:\/\/yoast.com\/wordpress\/plugins\/seo\/ -->\n<title>Jeu Responsable - CaptainsBet | S\u00e9curit\u00e9 et Contr\u00f4le<\/title>\n<meta name=\"description\" content=\"D\u00e9couvrez l&#039;engagement de CaptainsBet pour un jeu responsable. Acc\u00e9dez \u00e0 des outils comme les limites de d\u00e9p\u00f4t, l&#039;auto-exclusion et des ressources de soutien pour un jeu s\u00fbr et agr\u00e9able.\" \/>\n<meta name=\"robots\" content=\"index, follow, max-snippet:-1, max-image-preview:large, max-video-preview:-1\" \/>\n<link rel=\"canonical\" href=\"https:\/\/captainsbet.xyz\/fr\/jeu-responsable\/\" \/>\n<meta property=\"og:locale\" content=\"fr_FR\" \/>\n<meta property=\"og:type\" content=\"article\" \/>\n<meta property=\"og:url\" content=\"https:\/\/captainsbet.xyz\/fr\/jeu-responsable\/\" \/>\n<meta property=\"og:site_name\" content=\"CaptainsBet\" \/>\n<meta property=\"article:modified_time\" content=\"2024-10-07T12:39:41+00:00\" \/>\n<meta name=\"twitter:label1\" content=\"Dur\u00e9e de lecture estim\u00e9e\" \/>\n\t<meta name=\"twitter:data1\" content=\"3 minutes\" \/>\n<script type=\"application\/ld+json\" class=\"yoast-schema-graph\">{\"@context\":\"https:\/\/schema.org\",\"@graph\":[{\"@type\":\"WebPage\",\"@id\":\"https:\/\/captainsbet.xyz\/fr\/jeu-responsable\/\",\"url\":\"https:\/\/captainsbet.xyz\/fr\/jeu-responsable\/\",\"name\":\"Jeu Responsable - CaptainsBet | S\u00e9curit\u00e9 et Contr\u00f4le\",\"isPartOf\":{\"@id\":\"https:\/\/captainsbet.xyz\/#website\"},\"datePublished\":\"2024-10-07T12:33:58+00:00\",\"dateModified\":\"2024-10-07T12:39:41+00:00\",\"description\":\"D\u00e9couvrez l'engagement de CaptainsBet pour un jeu responsable. Acc\u00e9dez \u00e0 des outils comme les limites de d\u00e9p\u00f4t, l'auto-exclusion et des ressources de soutien pour un jeu s\u00fbr et agr\u00e9able.\",\"breadcrumb\":{\"@id\":\"https:\/\/captainsbet.xyz\/fr\/jeu-responsable\/#breadcrumb\"},\"inLanguage\":\"fr-FR\",\"potentialAction\":[{\"@type\":\"ReadAction\",\"target\":[\"https:\/\/captainsbet.xyz\/fr\/jeu-responsable\/\"]}]},{\"@type\":\"BreadcrumbList\",\"@id\":\"https:\/\/captainsbet.xyz\/fr\/jeu-responsable\/#breadcrumb\",\"itemListElement\":[{\"@type\":\"ListItem\",\"position\":1,\"name\":\"Home\",\"item\":\"https:\/\/captainsbet.xyz\/fr\/\"},{\"@type\":\"ListItem\",\"position\":2,\"name\":\"Jeu Responsable\"}]},{\"@type\":\"WebSite\",\"@id\":\"https:\/\/captainsbet.xyz\/#website\",\"url\":\"https:\/\/captainsbet.xyz\/\",\"name\":\"CaptainsBet\",\"description\":\"\",\"potentialAction\":[{\"@type\":\"SearchAction\",\"target\":{\"@type\":\"EntryPoint\",\"urlTemplate\":\"https:\/\/captainsbet.xyz\/?s={search_term_string}\"},\"query-input\":\"required name=search_term_string\"}],\"inLanguage\":\"fr-FR\"}]}<\/script>\n<!-- \/ Yoast SEO plugin. -->","yoast_head_json":{"title":"Jeu Responsable - CaptainsBet | S\u00e9curit\u00e9 et Contr\u00f4le","description":"D\u00e9couvrez l'engagement de CaptainsBet pour un jeu responsable. Acc\u00e9dez \u00e0 des outils comme les limites de d\u00e9p\u00f4t, l'auto-exclusion et des ressources de soutien pour un jeu s\u00fbr et agr\u00e9able.","robots":{"index":"index","follow":"follow","max-snippet":"max-snippet:-1","max-image-preview":"max-image-preview:large","max-video-preview":"max-video-preview:-1"},"canonical":"https:\/\/captainsbet.xyz\/fr\/jeu-responsable\/","og_locale":"fr_FR","og_type":"article","og_url":"https:\/\/captainsbet.xyz\/fr\/jeu-responsable\/","og_site_name":"CaptainsBet","article_modified_time":"2024-10-07T12:39:41+00:00","twitter_misc":{"Dur\u00e9e de lecture estim\u00e9e":"3 minutes"},"schema":{"@context":"https:\/\/schema.org","@graph":[{"@type":"WebPage","@id":"https:\/\/captainsbet.xyz\/fr\/jeu-responsable\/","url":"https:\/\/captainsbet.xyz\/fr\/jeu-responsable\/","name":"Jeu Responsable - CaptainsBet | S\u00e9curit\u00e9 et Contr\u00f4le","isPartOf":{"@id":"https:\/\/captainsbet.xyz\/#website"},"datePublished":"2024-10-07T12:33:58+00:00","dateModified":"2024-10-07T12:39:41+00:00","description":"D\u00e9couvrez l'engagement de CaptainsBet pour un jeu responsable. Acc\u00e9dez \u00e0 des outils comme les limites de d\u00e9p\u00f4t, l'auto-exclusion et des ressources de soutien pour un jeu s\u00fbr et agr\u00e9able.","breadcrumb":{"@id":"https:\/\/captainsbet.xyz\/fr\/jeu-responsable\/#breadcrumb"},"inLanguage":"fr-FR","potentialAction":[{"@type":"ReadAction","target":["https:\/\/captainsbet.xyz\/fr\/jeu-responsable\/"]}]},{"@type":"BreadcrumbList","@id":"https:\/\/captainsbet.xyz\/fr\/jeu-responsable\/#breadcrumb","itemListElement":[{"@type":"ListItem","position":1,"name":"Home","item":"https:\/\/captainsbet.xyz\/fr\/"},{"@type":"ListItem","position":2,"name":"Jeu Responsable"}]},{"@type":"WebSite","@id":"https:\/\/captainsbet.xyz\/#website","url":"https:\/\/captainsbet.xyz\/","name":"CaptainsBet","description":"","potentialAction":[{"@type":"SearchAction","target":{"@type":"EntryPoint","urlTemplate":"https:\/\/captainsbet.xyz\/?s={search_term_string}"},"query-input":"required name=search_term_string"}],"inLanguage":"fr-FR"}]}},"_links":{"self":[{"href":"https:\/\/captainsbet.xyz\/fr\/wp-json\/wp\/v2\/pages\/1048"}],"collection":[{"href":"https:\/\/captainsbet.xyz\/fr\/wp-json\/wp\/v2\/pages"}],"about":[{"href":"https:\/\/captainsbet.xyz\/fr\/wp-json\/wp\/v2\/types\/page"}],"author":[{"embeddable":true,"href":"https:\/\/captainsbet.xyz\/fr\/wp-json\/wp\/v2\/users\/1"}],"replies":[{"embeddable":true,"href":"https:\/\/captainsbet.xyz\/fr\/wp-json\/wp\/v2\/comments?post=1048"}],"version-history":[{"count":1,"href":"https:\/\/captainsbet.xyz\/fr\/wp-json\/wp\/v2\/pages\/1048\/revisions"}],"predecessor-version":[{"id":1050,"href":"https:\/\/captainsbet.xyz\/fr\/wp-json\/wp\/v2\/pages\/1048\/revisions\/1050"}],"wp:attachment":[{"href":"https:\/\/captainsbet.xyz\/fr\/wp-json\/wp\/v2\/media?parent=1048"}],"curies":[{"name":"wp","href":"https:\/\/api.w.org\/{rel}","templated":true}]}}