{"id":937,"date":"2024-09-20T14:06:36","date_gmt":"2024-09-20T14:06:36","guid":{"rendered":"https:\/\/captainsbet.xyz\/contacta-con-nosotras\/"},"modified":"2024-09-24T09:51:10","modified_gmt":"2024-09-24T09:51:10","slug":"contacta-con-nosotras","status":"publish","type":"page","link":"https:\/\/captainsbet.xyz\/es\/contacta-con-nosotras\/","title":{"rendered":"Contacta con nosotras"},"content":{"rendered":"\n<p>Cont\u00e1ctenos &#8211; Captainsbet<\/p>\n\n\n\n<p>En <a href=\"https:\/\/captainsbet.xyz\/es\/\">CaptainsBet, <\/a>nos comprometemos a brindarles a nuestros usuarios la mejor experiencia de apuestas posible. Si tiene alguna pregunta, necesita ayuda con su cuenta o desea obtener m\u00e1s informaci\u00f3n sobre nuestros servicios, nuestro amable equipo de atenci\u00f3n al cliente est\u00e1 aqu\u00ed para ayudarlo.<\/p>\n\n\n\n<p>Canales de Atenci\u00f3n al Cliente<br>Te ofrecemos m\u00faltiples formas de ponerte en contacto con nosotros, para que puedas elegir la opci\u00f3n que m\u00e1s te convenga:<\/p>\n\n\n\n<p>Chat en vivo: para obtener ayuda instant\u00e1nea, utilice nuestra funci\u00f3n de chat en vivo disponible las 24 horas, los 7 d\u00edas de la semana en el sitio web. Simplemente haga clic en el \u00edcono de chat en la parte inferior de la p\u00e1gina para conectarse con un representante de atenci\u00f3n al cliente en tiempo real. <\/p>\n\n\n\n<p>Soporte por correo electr\u00f3nico: Para consultas m\u00e1s detalladas o si prefiere el correo electr\u00f3nico, cont\u00e1ctenos en support@captainsbet.com. Nuestro objetivo es responder a todos los correos electr\u00f3nicos dentro de las 24 horas. <\/p>\n\n\n\n<p>Centro de ayuda y preguntas frecuentes<br>Antes de contactarnos, tambi\u00e9n puede explorar nuestra secci\u00f3n de preguntas frecuentes para obtener respuestas a preguntas comunes sobre dep\u00f3sitos, retiros, bonificaciones y m\u00e1s.<\/p>\n\n\n\n<p>Redes sociales<br>Mant\u00e9ngase conectado con nosotros en nuestros canales de redes sociales para conocer las \u00faltimas novedades, promociones y actualizaciones.<\/p>\n\n\n\n<p>Estamos aqu\u00ed para garantizar que su experiencia en Captainsbet sea fluida y agradable. \u00a1No dude en contactarnos en cualquier momento!<\/p>\n","protected":false},"excerpt":{"rendered":"<p>Cont\u00e1ctenos &#8211; Captainsbet En CaptainsBet, nos comprometemos a brindarles a nuestros usuarios la mejor experiencia de apuestas posible. Si tiene alguna pregunta, necesita ayuda con su cuenta o desea obtener m\u00e1s informaci\u00f3n sobre nuestros servicios, nuestro amable equipo de atenci\u00f3n al cliente est\u00e1 aqu\u00ed para ayudarlo. Canales de Atenci\u00f3n al ClienteTe ofrecemos m\u00faltiples formas de [&hellip;]<\/p>\n","protected":false},"author":1,"featured_media":0,"parent":0,"menu_order":0,"comment_status":"closed","ping_status":"closed","template":"","meta":{"footnotes":""},"class_list":["post-937","page","type-page","status-publish","hentry"],"acf":[],"yoast_head":"<!-- This site is optimized with the Yoast SEO plugin v22.9 - https:\/\/yoast.com\/wordpress\/plugins\/seo\/ -->\n<title>Cont\u00e1ctenos - Atenci\u00f3n al cliente de CaptainsBet<\/title>\n<meta name=\"description\" content=\"Comun\u00edquese con el servicio de atenci\u00f3n al cliente de CaptainsBet para obtener ayuda. Comun\u00edquese con nosotros a trav\u00e9s del chat en vivo, correo electr\u00f3nico o tel\u00e9fono. Estamos disponibles las 24 horas, los 7 d\u00edas de la semana para ayudarlo con problemas de apuestas, registro y cuenta.\" \/>\n<meta name=\"robots\" content=\"index, follow, max-snippet:-1, max-image-preview:large, max-video-preview:-1\" \/>\n<link rel=\"canonical\" href=\"https:\/\/captainsbet.xyz\/es\/contacta-con-nosotras\/\" \/>\n<meta property=\"og:locale\" content=\"es_ES\" \/>\n<meta property=\"og:type\" content=\"article\" \/>\n<meta property=\"og:url\" content=\"https:\/\/captainsbet.xyz\/es\/contacta-con-nosotras\/\" \/>\n<meta property=\"og:site_name\" content=\"CaptainsBet\" \/>\n<meta property=\"article:modified_time\" content=\"2024-09-24T09:51:10+00:00\" \/>\n<meta name=\"twitter:label1\" content=\"Tiempo de lectura\" \/>\n\t<meta name=\"twitter:data1\" content=\"1 minuto\" \/>\n<script type=\"application\/ld+json\" class=\"yoast-schema-graph\">{\"@context\":\"https:\/\/schema.org\",\"@graph\":[{\"@type\":\"WebPage\",\"@id\":\"https:\/\/captainsbet.xyz\/es\/contacta-con-nosotras\/\",\"url\":\"https:\/\/captainsbet.xyz\/es\/contacta-con-nosotras\/\",\"name\":\"Cont\u00e1ctenos - Atenci\u00f3n al cliente de CaptainsBet\",\"isPartOf\":{\"@id\":\"https:\/\/captainsbet.xyz\/#website\"},\"datePublished\":\"2024-09-20T14:06:36+00:00\",\"dateModified\":\"2024-09-24T09:51:10+00:00\",\"description\":\"Comun\u00edquese con el servicio de atenci\u00f3n al cliente de CaptainsBet para obtener ayuda. Comun\u00edquese con nosotros a trav\u00e9s del chat en vivo, correo electr\u00f3nico o tel\u00e9fono. Estamos disponibles las 24 horas, los 7 d\u00edas de la semana para ayudarlo con problemas de apuestas, registro y cuenta.\",\"breadcrumb\":{\"@id\":\"https:\/\/captainsbet.xyz\/es\/contacta-con-nosotras\/#breadcrumb\"},\"inLanguage\":\"es\",\"potentialAction\":[{\"@type\":\"ReadAction\",\"target\":[\"https:\/\/captainsbet.xyz\/es\/contacta-con-nosotras\/\"]}]},{\"@type\":\"BreadcrumbList\",\"@id\":\"https:\/\/captainsbet.xyz\/es\/contacta-con-nosotras\/#breadcrumb\",\"itemListElement\":[{\"@type\":\"ListItem\",\"position\":1,\"name\":\"Home\",\"item\":\"https:\/\/captainsbet.xyz\/es\/\"},{\"@type\":\"ListItem\",\"position\":2,\"name\":\"Contacta con nosotras\"}]},{\"@type\":\"WebSite\",\"@id\":\"https:\/\/captainsbet.xyz\/#website\",\"url\":\"https:\/\/captainsbet.xyz\/\",\"name\":\"CaptainsBet\",\"description\":\"\",\"potentialAction\":[{\"@type\":\"SearchAction\",\"target\":{\"@type\":\"EntryPoint\",\"urlTemplate\":\"https:\/\/captainsbet.xyz\/?s={search_term_string}\"},\"query-input\":\"required name=search_term_string\"}],\"inLanguage\":\"es\"}]}<\/script>\n<!-- \/ Yoast SEO plugin. -->","yoast_head_json":{"title":"Cont\u00e1ctenos - Atenci\u00f3n al cliente de CaptainsBet","description":"Comun\u00edquese con el servicio de atenci\u00f3n al cliente de CaptainsBet para obtener ayuda. Comun\u00edquese con nosotros a trav\u00e9s del chat en vivo, correo electr\u00f3nico o tel\u00e9fono. Estamos disponibles las 24 horas, los 7 d\u00edas de la semana para ayudarlo con problemas de apuestas, registro y cuenta.","robots":{"index":"index","follow":"follow","max-snippet":"max-snippet:-1","max-image-preview":"max-image-preview:large","max-video-preview":"max-video-preview:-1"},"canonical":"https:\/\/captainsbet.xyz\/es\/contacta-con-nosotras\/","og_locale":"es_ES","og_type":"article","og_url":"https:\/\/captainsbet.xyz\/es\/contacta-con-nosotras\/","og_site_name":"CaptainsBet","article_modified_time":"2024-09-24T09:51:10+00:00","twitter_misc":{"Tiempo de lectura":"1 minuto"},"schema":{"@context":"https:\/\/schema.org","@graph":[{"@type":"WebPage","@id":"https:\/\/captainsbet.xyz\/es\/contacta-con-nosotras\/","url":"https:\/\/captainsbet.xyz\/es\/contacta-con-nosotras\/","name":"Cont\u00e1ctenos - Atenci\u00f3n al cliente de CaptainsBet","isPartOf":{"@id":"https:\/\/captainsbet.xyz\/#website"},"datePublished":"2024-09-20T14:06:36+00:00","dateModified":"2024-09-24T09:51:10+00:00","description":"Comun\u00edquese con el servicio de atenci\u00f3n al cliente de CaptainsBet para obtener ayuda. Comun\u00edquese con nosotros a trav\u00e9s del chat en vivo, correo electr\u00f3nico o tel\u00e9fono. Estamos disponibles las 24 horas, los 7 d\u00edas de la semana para ayudarlo con problemas de apuestas, registro y cuenta.","breadcrumb":{"@id":"https:\/\/captainsbet.xyz\/es\/contacta-con-nosotras\/#breadcrumb"},"inLanguage":"es","potentialAction":[{"@type":"ReadAction","target":["https:\/\/captainsbet.xyz\/es\/contacta-con-nosotras\/"]}]},{"@type":"BreadcrumbList","@id":"https:\/\/captainsbet.xyz\/es\/contacta-con-nosotras\/#breadcrumb","itemListElement":[{"@type":"ListItem","position":1,"name":"Home","item":"https:\/\/captainsbet.xyz\/es\/"},{"@type":"ListItem","position":2,"name":"Contacta con nosotras"}]},{"@type":"WebSite","@id":"https:\/\/captainsbet.xyz\/#website","url":"https:\/\/captainsbet.xyz\/","name":"CaptainsBet","description":"","potentialAction":[{"@type":"SearchAction","target":{"@type":"EntryPoint","urlTemplate":"https:\/\/captainsbet.xyz\/?s={search_term_string}"},"query-input":"required name=search_term_string"}],"inLanguage":"es"}]}},"_links":{"self":[{"href":"https:\/\/captainsbet.xyz\/es\/wp-json\/wp\/v2\/pages\/937"}],"collection":[{"href":"https:\/\/captainsbet.xyz\/es\/wp-json\/wp\/v2\/pages"}],"about":[{"href":"https:\/\/captainsbet.xyz\/es\/wp-json\/wp\/v2\/types\/page"}],"author":[{"embeddable":true,"href":"https:\/\/captainsbet.xyz\/es\/wp-json\/wp\/v2\/users\/1"}],"replies":[{"embeddable":true,"href":"https:\/\/captainsbet.xyz\/es\/wp-json\/wp\/v2\/comments?post=937"}],"version-history":[{"count":2,"href":"https:\/\/captainsbet.xyz\/es\/wp-json\/wp\/v2\/pages\/937\/revisions"}],"predecessor-version":[{"id":950,"href":"https:\/\/captainsbet.xyz\/es\/wp-json\/wp\/v2\/pages\/937\/revisions\/950"}],"wp:attachment":[{"href":"https:\/\/captainsbet.xyz\/es\/wp-json\/wp\/v2\/media?parent=937"}],"curies":[{"name":"wp","href":"https:\/\/api.w.org\/{rel}","templated":true}]}}