{"id":930,"date":"2024-09-20T14:06:36","date_gmt":"2024-09-20T14:06:36","guid":{"rendered":"https:\/\/captainsbet.xyz\/kontaktieren-sie-uns\/"},"modified":"2024-09-24T09:47:06","modified_gmt":"2024-09-24T09:47:06","slug":"kontaktieren-sie-uns","status":"publish","type":"page","link":"https:\/\/captainsbet.xyz\/de\/kontaktieren-sie-uns\/","title":{"rendered":"Kontaktieren Sie uns"},"content":{"rendered":"\n<p>Kontaktieren Sie uns &#8211; Captainsbet<\/p>\n\n\n\n<p>Bei <a href=\"https:\/\/captainsbet.xyz\/de\/\">Captains bet<\/a> sind wir bestrebt, unseren Nutzern das bestm\u00f6gliche Wetten zu erm\u00f6glichen.\nGanz gleich, ob Sie eine Frage haben, Hilfe bei Ihrem Konto ben\u00f6tigen oder mehr \u00fcber unsere Dienstleistungen erfahren m\u00f6chten, unser freundliches Kundenserviceteam ist immer f\u00fcr Sie da. <\/p>\n\n\n\n<p>Kundensupport-Kan\u00e4le<br>Wir bieten Ihnen mehrere M\u00f6glichkeiten, mit uns in Kontakt zu treten, so dass Sie die Option w\u00e4hlen k\u00f6nnen, die am besten zu Ihnen passt:<\/p>\n\n\n\n<p>Live-Chat: Wenn Sie sofortige Hilfe ben\u00f6tigen, nutzen Sie unsere 24\/7-Live-Chat-Funktion auf der Website.\nKlicken Sie einfach auf das Chat-Symbol unten auf der Seite, um mit einem Kundenbetreuer in Echtzeit zu kommunizieren. <\/p>\n\n\n\n<p>E-Mail-Unterst\u00fctzung: F\u00fcr ausf\u00fchrlichere Anfragen oder wenn Sie eine E-Mail bevorzugen, erreichen Sie uns unter support@captainsbet.com.\nWir bem\u00fchen uns, alle E-Mails innerhalb von 24 Stunden zu beantworten. <\/p>\n\n\n\n<p>Hilfe-Center und FAQ<br>Bevor Sie sich an uns wenden, k\u00f6nnen Sie auch unseren FAQ-Bereich durchsuchen, um Antworten auf h\u00e4ufige Fragen zu Einzahlungen, Auszahlungen, Boni und mehr zu erhalten.<\/p>\n\n\n\n<p>Soziale Medien<br>Bleiben Sie mit uns auf unseren sozialen Medienkan\u00e4len in Verbindung, um die neuesten Nachrichten, Aktionen und Updates zu erhalten.<\/p>\n\n\n\n<p>Wir sind daf\u00fcr da, dass Ihre Erfahrungen mit Captainsbet reibungslos und angenehm sind. Sie k\u00f6nnen uns jederzeit kontaktieren!<\/p>\n","protected":false},"excerpt":{"rendered":"<p>Kontaktieren Sie uns &#8211; Captainsbet Bei Captains bet sind wir bestrebt, unseren Nutzern das bestm\u00f6gliche Wetten zu erm\u00f6glichen. Ganz gleich, ob Sie eine Frage haben, Hilfe bei Ihrem Konto ben\u00f6tigen oder mehr \u00fcber unsere Dienstleistungen erfahren m\u00f6chten, unser freundliches Kundenserviceteam ist immer f\u00fcr Sie da. Kundensupport-Kan\u00e4leWir bieten Ihnen mehrere M\u00f6glichkeiten, mit uns in Kontakt zu [&hellip;]<\/p>\n","protected":false},"author":1,"featured_media":0,"parent":0,"menu_order":0,"comment_status":"closed","ping_status":"closed","template":"","meta":{"footnotes":""},"class_list":["post-930","page","type-page","status-publish","hentry"],"acf":[],"yoast_head":"<!-- This site is optimized with the Yoast SEO plugin v22.9 - https:\/\/yoast.com\/wordpress\/plugins\/seo\/ -->\n<title>Kontaktieren Sie uns \u2013 CaptainsBet-Kundensupport<\/title>\n<meta name=\"description\" content=\"Wenden Sie sich an den CaptainsBet-Kundensupport, wenn Sie Hilfe ben\u00f6tigen. Kontaktieren Sie uns per Live-Chat, E-Mail oder Telefon. Wir sind rund um die Uhr f\u00fcr Sie da, um Ihnen bei Wetten, Registrierungen und Kontoproblemen zu helfen.\" \/>\n<meta name=\"robots\" content=\"index, follow, max-snippet:-1, max-image-preview:large, max-video-preview:-1\" \/>\n<link rel=\"canonical\" href=\"https:\/\/captainsbet.xyz\/de\/kontaktieren-sie-uns\/\" \/>\n<meta property=\"og:locale\" content=\"de_DE\" \/>\n<meta property=\"og:type\" content=\"article\" \/>\n<meta property=\"og:url\" content=\"https:\/\/captainsbet.xyz\/de\/kontaktieren-sie-uns\/\" \/>\n<meta property=\"og:site_name\" content=\"CaptainsBet\" \/>\n<meta property=\"article:modified_time\" content=\"2024-09-24T09:47:06+00:00\" \/>\n<meta name=\"twitter:label1\" content=\"Gesch\u00e4tzte Lesezeit\" \/>\n\t<meta name=\"twitter:data1\" content=\"1\u00a0Minute\" \/>\n<script type=\"application\/ld+json\" class=\"yoast-schema-graph\">{\"@context\":\"https:\/\/schema.org\",\"@graph\":[{\"@type\":\"WebPage\",\"@id\":\"https:\/\/captainsbet.xyz\/de\/kontaktieren-sie-uns\/\",\"url\":\"https:\/\/captainsbet.xyz\/de\/kontaktieren-sie-uns\/\",\"name\":\"Kontaktieren Sie uns \u2013 CaptainsBet-Kundensupport\",\"isPartOf\":{\"@id\":\"https:\/\/captainsbet.xyz\/#website\"},\"datePublished\":\"2024-09-20T14:06:36+00:00\",\"dateModified\":\"2024-09-24T09:47:06+00:00\",\"description\":\"Wenden Sie sich an den CaptainsBet-Kundensupport, wenn Sie Hilfe ben\u00f6tigen. Kontaktieren Sie uns per Live-Chat, E-Mail oder Telefon. Wir sind rund um die Uhr f\u00fcr Sie da, um Ihnen bei Wetten, Registrierungen und Kontoproblemen zu helfen.\",\"breadcrumb\":{\"@id\":\"https:\/\/captainsbet.xyz\/de\/kontaktieren-sie-uns\/#breadcrumb\"},\"inLanguage\":\"de\",\"potentialAction\":[{\"@type\":\"ReadAction\",\"target\":[\"https:\/\/captainsbet.xyz\/de\/kontaktieren-sie-uns\/\"]}]},{\"@type\":\"BreadcrumbList\",\"@id\":\"https:\/\/captainsbet.xyz\/de\/kontaktieren-sie-uns\/#breadcrumb\",\"itemListElement\":[{\"@type\":\"ListItem\",\"position\":1,\"name\":\"Home\",\"item\":\"https:\/\/captainsbet.xyz\/de\/\"},{\"@type\":\"ListItem\",\"position\":2,\"name\":\"Kontaktieren Sie uns\"}]},{\"@type\":\"WebSite\",\"@id\":\"https:\/\/captainsbet.xyz\/#website\",\"url\":\"https:\/\/captainsbet.xyz\/\",\"name\":\"CaptainsBet\",\"description\":\"\",\"potentialAction\":[{\"@type\":\"SearchAction\",\"target\":{\"@type\":\"EntryPoint\",\"urlTemplate\":\"https:\/\/captainsbet.xyz\/?s={search_term_string}\"},\"query-input\":\"required name=search_term_string\"}],\"inLanguage\":\"de\"}]}<\/script>\n<!-- \/ Yoast SEO plugin. -->","yoast_head_json":{"title":"Kontaktieren Sie uns \u2013 CaptainsBet-Kundensupport","description":"Wenden Sie sich an den CaptainsBet-Kundensupport, wenn Sie Hilfe ben\u00f6tigen. Kontaktieren Sie uns per Live-Chat, E-Mail oder Telefon. Wir sind rund um die Uhr f\u00fcr Sie da, um Ihnen bei Wetten, Registrierungen und Kontoproblemen zu helfen.","robots":{"index":"index","follow":"follow","max-snippet":"max-snippet:-1","max-image-preview":"max-image-preview:large","max-video-preview":"max-video-preview:-1"},"canonical":"https:\/\/captainsbet.xyz\/de\/kontaktieren-sie-uns\/","og_locale":"de_DE","og_type":"article","og_url":"https:\/\/captainsbet.xyz\/de\/kontaktieren-sie-uns\/","og_site_name":"CaptainsBet","article_modified_time":"2024-09-24T09:47:06+00:00","twitter_misc":{"Gesch\u00e4tzte Lesezeit":"1\u00a0Minute"},"schema":{"@context":"https:\/\/schema.org","@graph":[{"@type":"WebPage","@id":"https:\/\/captainsbet.xyz\/de\/kontaktieren-sie-uns\/","url":"https:\/\/captainsbet.xyz\/de\/kontaktieren-sie-uns\/","name":"Kontaktieren Sie uns \u2013 CaptainsBet-Kundensupport","isPartOf":{"@id":"https:\/\/captainsbet.xyz\/#website"},"datePublished":"2024-09-20T14:06:36+00:00","dateModified":"2024-09-24T09:47:06+00:00","description":"Wenden Sie sich an den CaptainsBet-Kundensupport, wenn Sie Hilfe ben\u00f6tigen. Kontaktieren Sie uns per Live-Chat, E-Mail oder Telefon. Wir sind rund um die Uhr f\u00fcr Sie da, um Ihnen bei Wetten, Registrierungen und Kontoproblemen zu helfen.","breadcrumb":{"@id":"https:\/\/captainsbet.xyz\/de\/kontaktieren-sie-uns\/#breadcrumb"},"inLanguage":"de","potentialAction":[{"@type":"ReadAction","target":["https:\/\/captainsbet.xyz\/de\/kontaktieren-sie-uns\/"]}]},{"@type":"BreadcrumbList","@id":"https:\/\/captainsbet.xyz\/de\/kontaktieren-sie-uns\/#breadcrumb","itemListElement":[{"@type":"ListItem","position":1,"name":"Home","item":"https:\/\/captainsbet.xyz\/de\/"},{"@type":"ListItem","position":2,"name":"Kontaktieren Sie uns"}]},{"@type":"WebSite","@id":"https:\/\/captainsbet.xyz\/#website","url":"https:\/\/captainsbet.xyz\/","name":"CaptainsBet","description":"","potentialAction":[{"@type":"SearchAction","target":{"@type":"EntryPoint","urlTemplate":"https:\/\/captainsbet.xyz\/?s={search_term_string}"},"query-input":"required name=search_term_string"}],"inLanguage":"de"}]}},"_links":{"self":[{"href":"https:\/\/captainsbet.xyz\/de\/wp-json\/wp\/v2\/pages\/930"}],"collection":[{"href":"https:\/\/captainsbet.xyz\/de\/wp-json\/wp\/v2\/pages"}],"about":[{"href":"https:\/\/captainsbet.xyz\/de\/wp-json\/wp\/v2\/types\/page"}],"author":[{"embeddable":true,"href":"https:\/\/captainsbet.xyz\/de\/wp-json\/wp\/v2\/users\/1"}],"replies":[{"embeddable":true,"href":"https:\/\/captainsbet.xyz\/de\/wp-json\/wp\/v2\/comments?post=930"}],"version-history":[{"count":2,"href":"https:\/\/captainsbet.xyz\/de\/wp-json\/wp\/v2\/pages\/930\/revisions"}],"predecessor-version":[{"id":945,"href":"https:\/\/captainsbet.xyz\/de\/wp-json\/wp\/v2\/pages\/930\/revisions\/945"}],"wp:attachment":[{"href":"https:\/\/captainsbet.xyz\/de\/wp-json\/wp\/v2\/media?parent=930"}],"curies":[{"name":"wp","href":"https:\/\/api.w.org\/{rel}","templated":true}]}}