{"id":1051,"date":"2024-10-07T12:33:58","date_gmt":"2024-10-07T12:33:58","guid":{"rendered":"https:\/\/captainsbet.xyz\/responsible-gaming\/"},"modified":"2024-10-07T12:43:43","modified_gmt":"2024-10-07T12:43:43","slug":"verantwortungsvolles-spielen","status":"publish","type":"page","link":"https:\/\/captainsbet.xyz\/de\/verantwortungsvolles-spielen\/","title":{"rendered":"Verantwortungsvolles Spielen"},"content":{"rendered":"\n<div id=\"ez-toc-container\" class=\"ez-toc-v2_0_82_2 counter-hierarchy ez-toc-counter ez-toc-custom ez-toc-container-direction\">\n<div class=\"ez-toc-title-container\">\n<p class=\"ez-toc-title\" style=\"cursor:inherit\">Table of Contents<\/p>\n<span class=\"ez-toc-title-toggle\"><a href=\"#\" class=\"ez-toc-pull-right ez-toc-btn ez-toc-btn-xs ez-toc-btn-default ez-toc-toggle\" aria-label=\"Toggle Table of Content\"><span class=\"ez-toc-js-icon-con\"><span class=\"\"><span class=\"eztoc-hide\" style=\"display:none;\">Toggle<\/span><span class=\"ez-toc-icon-toggle-span\"><svg style=\"fill: #000000;color:#000000\" xmlns=\"http:\/\/www.w3.org\/2000\/svg\" class=\"list-377408\" width=\"20px\" height=\"20px\" viewBox=\"0 0 24 24\" fill=\"none\"><path d=\"M6 6H4v2h2V6zm14 0H8v2h12V6zM4 11h2v2H4v-2zm16 0H8v2h12v-2zM4 16h2v2H4v-2zm16 0H8v2h12v-2z\" fill=\"currentColor\"><\/path><\/svg><svg style=\"fill: #000000;color:#000000\" class=\"arrow-unsorted-368013\" xmlns=\"http:\/\/www.w3.org\/2000\/svg\" width=\"10px\" height=\"10px\" viewBox=\"0 0 24 24\" version=\"1.2\" baseProfile=\"tiny\"><path d=\"M18.2 9.3l-6.2-6.3-6.2 6.3c-.2.2-.3.4-.3.7s.1.5.3.7c.2.2.4.3.7.3h11c.3 0 .5-.1.7-.3.2-.2.3-.5.3-.7s-.1-.5-.3-.7zM5.8 14.7l6.2 6.3 6.2-6.3c.2-.2.3-.5.3-.7s-.1-.5-.3-.7c-.2-.2-.4-.3-.7-.3h-11c-.3 0-.5.1-.7.3-.2.2-.3.5-.3.7s.1.5.3.7z\"\/><\/svg><\/span><\/span><\/span><\/a><\/span><\/div>\n<nav><ul class='ez-toc-list ez-toc-list-level-1 ' ><li class='ez-toc-page-1 ez-toc-heading-level-2'><a class=\"ez-toc-link ez-toc-heading-1\" href=\"https:\/\/captainsbet.xyz\/de\/verantwortungsvolles-spielen\/#Verantwortungsvolles_Spielen_bei_CaptainsBet\" >Verantwortungsvolles Spielen bei CaptainsBet<\/a><\/li><li class='ez-toc-page-1 ez-toc-heading-level-2'><a class=\"ez-toc-link ez-toc-heading-2\" href=\"https:\/\/captainsbet.xyz\/de\/verantwortungsvolles-spielen\/#Tools_fuer_Verantwortungsvolles_Spielen\" >Tools f\u00fcr Verantwortungsvolles Spielen<\/a><\/li><li class='ez-toc-page-1 ez-toc-heading-level-2'><a class=\"ez-toc-link ez-toc-heading-3\" href=\"https:\/\/captainsbet.xyz\/de\/verantwortungsvolles-spielen\/#Partnerschaften_und_Ressourcen\" >Partnerschaften und Ressourcen<\/a><\/li><li class='ez-toc-page-1 ez-toc-heading-level-2'><a class=\"ez-toc-link ez-toc-heading-4\" href=\"https:\/\/captainsbet.xyz\/de\/verantwortungsvolles-spielen\/#Aufklaerung_und_Sensibilisierung\" >Aufkl\u00e4rung und Sensibilisierung<\/a><ul class='ez-toc-list-level-3' ><li class='ez-toc-heading-level-3'><a class=\"ez-toc-link ez-toc-heading-5\" href=\"https:\/\/captainsbet.xyz\/de\/verantwortungsvolles-spielen\/#Praevention_des_Gluecksspiels_Minderjaehriger\" >Pr\u00e4vention des Gl\u00fccksspiels Minderj\u00e4hriger<\/a><\/li><\/ul><\/li><li class='ez-toc-page-1 ez-toc-heading-level-2'><a class=\"ez-toc-link ez-toc-heading-6\" href=\"https:\/\/captainsbet.xyz\/de\/verantwortungsvolles-spielen\/#Unterstuetzung_und_Hilfe\" >Unterst\u00fctzung und Hilfe<\/a><\/li><\/ul><\/nav><\/div>\n<h2 class=\"wp-block-heading\"><span class=\"ez-toc-section\" id=\"Verantwortungsvolles_Spielen_bei_CaptainsBet\"><\/span>Verantwortungsvolles Spielen bei CaptainsBet<span class=\"ez-toc-section-end\"><\/span><\/h2>\n\n\n\n<p>Bei <a href=\"https:\/\/captainsbet.xyz\/de\/\">CaptainsBet<\/a> legen wir gro\u00dfen Wert auf verantwortungsvolles Spielen und stellen sicher, dass unsere Nutzer unsere Plattform in einer sicheren und kontrollierten Umgebung genie\u00dfen k\u00f6nnen. Wir verstehen, dass Gl\u00fccksspiel und Wetten spannend und unterhaltsam sein k\u00f6nnen, jedoch ist es wichtig, sich verantwortungsvoll zu beteiligen, um potenzielle negative Auswirkungen zu vermeiden. Daher haben wir eine Reihe von Tools, Ressourcen und Unterst\u00fctzungsm\u00f6glichkeiten implementiert, um den Nutzern dabei zu helfen, ihre Spielgewohnheiten effektiv zu steuern.<\/p>\n\n\n\n<h2 class=\"wp-block-heading\"><span class=\"ez-toc-section\" id=\"Tools_fuer_Verantwortungsvolles_Spielen\"><\/span>Tools f\u00fcr Verantwortungsvolles Spielen<span class=\"ez-toc-section-end\"><\/span><\/h2>\n\n\n\n<p><br>CaptainsBet bietet verschiedene Tools, die Nutzern helfen, ihr Spielverhalten zu kontrollieren:<\/p>\n\n\n\n<ul class=\"wp-block-list\">\n<li>Einzahlungslimits: Spieler k\u00f6nnen t\u00e4gliche, w\u00f6chentliche oder monatliche Einzahlungslimits festlegen, um ihre Ausgaben zu steuern. Diese Funktion erm\u00f6glicht es, das eigene Budget einzuhalten und impulsives Spielverhalten zu vermeiden.<\/li>\n\n\n\n<li>Setzen-Limits: Mit dieser Option k\u00f6nnen Spieler festlegen, wie viel sie in einem bestimmten Zeitraum einsetzen k\u00f6nnen, um das Risiko und die Verlustexposition zu kontrollieren.<\/li>\n\n\n\n<li>Sitzungslimits: Zur F\u00f6rderung eines bewussten Spielverhaltens k\u00f6nnen Spieler Zeitlimits f\u00fcr ihre Sitzungen festlegen, sodass regelm\u00e4\u00dfige Pausen eingehalten und gesunde Spielgewohnheiten gef\u00f6rdert werden.<\/li>\n\n\n\n<li>Selbstausschluss: F\u00fcr Nutzer, die eine Pause einlegen m\u00f6chten, bietet CaptainsBet eine Selbstausschluss-Option. Spieler k\u00f6nnen ihre Konten vor\u00fcbergehend sperren lassen, von wenigen Tagen bis hin zu mehreren Monaten. Bei Bedarf ist auch ein unbegrenzter Selbstausschluss m\u00f6glich, bei dem auf das Konto nicht zugegriffen werden kann.<\/li>\n<\/ul>\n\n\n\n<h2 class=\"wp-block-heading\"><span class=\"ez-toc-section\" id=\"Partnerschaften_und_Ressourcen\"><\/span>Partnerschaften und Ressourcen<span class=\"ez-toc-section-end\"><\/span><\/h2>\n\n\n\n<p><br>Wir arbeiten mit verschiedenen Organisationen zusammen, die sich auf die Unterst\u00fctzung bei Spielsucht spezialisiert haben. CaptainsBet stellt Links zu anerkannten Organisationen bereit, wie z. B.:<\/p>\n\n\n\n<ul class=\"wp-block-list\">\n<li>GamCare: Bietet Ressourcen und Beratung f\u00fcr Menschen mit Spielsucht.<\/li>\n\n\n\n<li>Gambling Therapy: Bietet weltweit Unterst\u00fctzung und Beratungsdienste f\u00fcr Spieler, die Hilfe suchen.<\/li>\n\n\n\n<li>Nationale Hotlines: F\u00fcr bestimmte L\u00e4nder stellen wir Informationen zu lokalen Unterst\u00fctzungshotlines bereit, die sofortige Hilfe bieten.<\/li>\n<\/ul>\n\n\n\n<h2 class=\"wp-block-heading\"><span class=\"ez-toc-section\" id=\"Aufklaerung_und_Sensibilisierung\"><\/span><br>Aufkl\u00e4rung und Sensibilisierung<span class=\"ez-toc-section-end\"><\/span><\/h2>\n\n\n\n<p><br>CaptainsBet f\u00f6rdert die Aufkl\u00e4rung \u00fcber verantwortungsvolles Spielen und bietet informative Materialien zu Anzeichen von problematischem Spielverhalten sowie praktische Tipps, um die Kontrolle \u00fcber die eigenen Spielgewohnheiten zu behalten. Wir ermutigen unsere Spieler, das Spielen als Unterhaltung und nicht als Einkommensquelle zu betrachten.<\/p>\n\n\n\n<h3 class=\"wp-block-heading\"><span class=\"ez-toc-section\" id=\"Praevention_des_Gluecksspiels_Minderjaehriger\"><\/span>Pr\u00e4vention des Gl\u00fccksspiels Minderj\u00e4hriger<span class=\"ez-toc-section-end\"><\/span><\/h3>\n\n\n\n<p><br>Wir sind bestrebt, Minderj\u00e4hrigen den Zugang zu unserem Angebot zu verwehren und setzen strenge Alterskontrollen w\u00e4hrend des Registrierungsprozesses ein. Unsere Plattform ist nur f\u00fcr vollj\u00e4hrige Personen zug\u00e4nglich, die das in ihrem Land vorgeschriebene Mindestalter erreicht haben. Bei Verdacht auf Minderj\u00e4hrigkeit wird das Konto sofort gesperrt, bis die Altersverifikation abgeschlossen ist.<\/p>\n\n\n\n<h2 class=\"wp-block-heading\"><span class=\"ez-toc-section\" id=\"Unterstuetzung_und_Hilfe\"><\/span>Unterst\u00fctzung und Hilfe<span class=\"ez-toc-section-end\"><\/span><\/h2>\n\n\n\n<p><br>Unser Kundensupport-Team ist geschult, um Fragen zum verantwortungsvollen Spielen zu beantworten. Wenn ein Spieler oder dessen Angeh\u00f6rige Hilfe ben\u00f6tigen, steht unser Team rund um die Uhr \u00fcber Live-Chat, E-Mail oder Telefon zur Verf\u00fcgung, um Unterst\u00fctzung und Ressourcen bereitzustellen.<\/p>\n\n\n\n<p>Bei CaptainsBet ist es unser Ziel, eine sichere und angenehme Spielerfahrung f\u00fcr alle Nutzer zu schaffen. Durch die F\u00f6rderung verantwortungsvoller Spielpraktiken und umfassender Unterst\u00fctzung machen wir CaptainsBet zu einer Plattform, auf der Spieler sich sicher und verantwortungsbewusst am\u00fcsieren k\u00f6nnen.<\/p>\n","protected":false},"excerpt":{"rendered":"<p>Verantwortungsvolles Spielen bei CaptainsBet Bei CaptainsBet legen wir gro\u00dfen Wert auf verantwortungsvolles Spielen und stellen sicher, dass unsere Nutzer unsere Plattform in einer sicheren und kontrollierten Umgebung genie\u00dfen k\u00f6nnen. Wir verstehen, dass Gl\u00fccksspiel und Wetten spannend und unterhaltsam sein k\u00f6nnen, jedoch ist es wichtig, sich verantwortungsvoll zu beteiligen, um potenzielle negative Auswirkungen zu vermeiden. Daher [&hellip;]<\/p>\n","protected":false},"author":1,"featured_media":0,"parent":0,"menu_order":0,"comment_status":"closed","ping_status":"closed","template":"","meta":{"footnotes":""},"class_list":["post-1051","page","type-page","status-publish","hentry"],"acf":[],"yoast_head":"<!-- This site is optimized with the Yoast SEO plugin v22.9 - https:\/\/yoast.com\/wordpress\/plugins\/seo\/ -->\n<title>Verantwortungsvolles Spielen - CaptainsBet | Sicherheit und Unterst\u00fctzung<\/title>\n<meta name=\"description\" content=\"Erfahren Sie mehr \u00fcber das Engagement von CaptainsBet f\u00fcr verantwortungsvolles Spielen. Nutzen Sie Tools wie Einzahlungslimits und Selbstausschluss f\u00fcr ein sicheres und verantwortungsbewusstes Spiel.\" \/>\n<meta name=\"robots\" content=\"index, follow, max-snippet:-1, max-image-preview:large, max-video-preview:-1\" \/>\n<link rel=\"canonical\" href=\"https:\/\/captainsbet.xyz\/de\/verantwortungsvolles-spielen\/\" \/>\n<meta property=\"og:locale\" content=\"de_DE\" \/>\n<meta property=\"og:type\" content=\"article\" \/>\n<meta property=\"og:url\" content=\"https:\/\/captainsbet.xyz\/de\/verantwortungsvolles-spielen\/\" \/>\n<meta property=\"og:site_name\" content=\"CaptainsBet\" \/>\n<meta property=\"article:modified_time\" content=\"2024-10-07T12:43:43+00:00\" \/>\n<meta name=\"twitter:label1\" content=\"Gesch\u00e4tzte Lesezeit\" \/>\n\t<meta name=\"twitter:data1\" content=\"2\u00a0Minuten\" \/>\n<script type=\"application\/ld+json\" class=\"yoast-schema-graph\">{\"@context\":\"https:\/\/schema.org\",\"@graph\":[{\"@type\":\"WebPage\",\"@id\":\"https:\/\/captainsbet.xyz\/de\/verantwortungsvolles-spielen\/\",\"url\":\"https:\/\/captainsbet.xyz\/de\/verantwortungsvolles-spielen\/\",\"name\":\"Verantwortungsvolles Spielen - CaptainsBet | Sicherheit und Unterst\u00fctzung\",\"isPartOf\":{\"@id\":\"https:\/\/captainsbet.xyz\/#website\"},\"datePublished\":\"2024-10-07T12:33:58+00:00\",\"dateModified\":\"2024-10-07T12:43:43+00:00\",\"description\":\"Erfahren Sie mehr \u00fcber das Engagement von CaptainsBet f\u00fcr verantwortungsvolles Spielen. Nutzen Sie Tools wie Einzahlungslimits und Selbstausschluss f\u00fcr ein sicheres und verantwortungsbewusstes Spiel.\",\"breadcrumb\":{\"@id\":\"https:\/\/captainsbet.xyz\/de\/verantwortungsvolles-spielen\/#breadcrumb\"},\"inLanguage\":\"de\",\"potentialAction\":[{\"@type\":\"ReadAction\",\"target\":[\"https:\/\/captainsbet.xyz\/de\/verantwortungsvolles-spielen\/\"]}]},{\"@type\":\"BreadcrumbList\",\"@id\":\"https:\/\/captainsbet.xyz\/de\/verantwortungsvolles-spielen\/#breadcrumb\",\"itemListElement\":[{\"@type\":\"ListItem\",\"position\":1,\"name\":\"Home\",\"item\":\"https:\/\/captainsbet.xyz\/de\/\"},{\"@type\":\"ListItem\",\"position\":2,\"name\":\"Verantwortungsvolles Spielen\"}]},{\"@type\":\"WebSite\",\"@id\":\"https:\/\/captainsbet.xyz\/#website\",\"url\":\"https:\/\/captainsbet.xyz\/\",\"name\":\"CaptainsBet\",\"description\":\"\",\"potentialAction\":[{\"@type\":\"SearchAction\",\"target\":{\"@type\":\"EntryPoint\",\"urlTemplate\":\"https:\/\/captainsbet.xyz\/?s={search_term_string}\"},\"query-input\":\"required name=search_term_string\"}],\"inLanguage\":\"de\"}]}<\/script>\n<!-- \/ Yoast SEO plugin. -->","yoast_head_json":{"title":"Verantwortungsvolles Spielen - CaptainsBet | Sicherheit und Unterst\u00fctzung","description":"Erfahren Sie mehr \u00fcber das Engagement von CaptainsBet f\u00fcr verantwortungsvolles Spielen. Nutzen Sie Tools wie Einzahlungslimits und Selbstausschluss f\u00fcr ein sicheres und verantwortungsbewusstes Spiel.","robots":{"index":"index","follow":"follow","max-snippet":"max-snippet:-1","max-image-preview":"max-image-preview:large","max-video-preview":"max-video-preview:-1"},"canonical":"https:\/\/captainsbet.xyz\/de\/verantwortungsvolles-spielen\/","og_locale":"de_DE","og_type":"article","og_url":"https:\/\/captainsbet.xyz\/de\/verantwortungsvolles-spielen\/","og_site_name":"CaptainsBet","article_modified_time":"2024-10-07T12:43:43+00:00","twitter_misc":{"Gesch\u00e4tzte Lesezeit":"2\u00a0Minuten"},"schema":{"@context":"https:\/\/schema.org","@graph":[{"@type":"WebPage","@id":"https:\/\/captainsbet.xyz\/de\/verantwortungsvolles-spielen\/","url":"https:\/\/captainsbet.xyz\/de\/verantwortungsvolles-spielen\/","name":"Verantwortungsvolles Spielen - CaptainsBet | Sicherheit und Unterst\u00fctzung","isPartOf":{"@id":"https:\/\/captainsbet.xyz\/#website"},"datePublished":"2024-10-07T12:33:58+00:00","dateModified":"2024-10-07T12:43:43+00:00","description":"Erfahren Sie mehr \u00fcber das Engagement von CaptainsBet f\u00fcr verantwortungsvolles Spielen. Nutzen Sie Tools wie Einzahlungslimits und Selbstausschluss f\u00fcr ein sicheres und verantwortungsbewusstes Spiel.","breadcrumb":{"@id":"https:\/\/captainsbet.xyz\/de\/verantwortungsvolles-spielen\/#breadcrumb"},"inLanguage":"de","potentialAction":[{"@type":"ReadAction","target":["https:\/\/captainsbet.xyz\/de\/verantwortungsvolles-spielen\/"]}]},{"@type":"BreadcrumbList","@id":"https:\/\/captainsbet.xyz\/de\/verantwortungsvolles-spielen\/#breadcrumb","itemListElement":[{"@type":"ListItem","position":1,"name":"Home","item":"https:\/\/captainsbet.xyz\/de\/"},{"@type":"ListItem","position":2,"name":"Verantwortungsvolles Spielen"}]},{"@type":"WebSite","@id":"https:\/\/captainsbet.xyz\/#website","url":"https:\/\/captainsbet.xyz\/","name":"CaptainsBet","description":"","potentialAction":[{"@type":"SearchAction","target":{"@type":"EntryPoint","urlTemplate":"https:\/\/captainsbet.xyz\/?s={search_term_string}"},"query-input":"required name=search_term_string"}],"inLanguage":"de"}]}},"_links":{"self":[{"href":"https:\/\/captainsbet.xyz\/de\/wp-json\/wp\/v2\/pages\/1051"}],"collection":[{"href":"https:\/\/captainsbet.xyz\/de\/wp-json\/wp\/v2\/pages"}],"about":[{"href":"https:\/\/captainsbet.xyz\/de\/wp-json\/wp\/v2\/types\/page"}],"author":[{"embeddable":true,"href":"https:\/\/captainsbet.xyz\/de\/wp-json\/wp\/v2\/users\/1"}],"replies":[{"embeddable":true,"href":"https:\/\/captainsbet.xyz\/de\/wp-json\/wp\/v2\/comments?post=1051"}],"version-history":[{"count":2,"href":"https:\/\/captainsbet.xyz\/de\/wp-json\/wp\/v2\/pages\/1051\/revisions"}],"predecessor-version":[{"id":1054,"href":"https:\/\/captainsbet.xyz\/de\/wp-json\/wp\/v2\/pages\/1051\/revisions\/1054"}],"wp:attachment":[{"href":"https:\/\/captainsbet.xyz\/de\/wp-json\/wp\/v2\/media?parent=1051"}],"curies":[{"name":"wp","href":"https:\/\/api.w.org\/{rel}","templated":true}]}}